{"id":6512,"date":"2026-02-10T11:50:12","date_gmt":"2026-02-10T10:50:12","guid":{"rendered":"http:\/\/campingenfola.youelba.com\/tariffe\/"},"modified":"2026-03-12T15:18:33","modified_gmt":"2026-03-12T14:18:33","slug":"tarifs","status":"publish","type":"page","link":"https:\/\/www.campingenfola.com\/fr\/tarifs\/","title":{"rendered":"Tarifs"},"content":{"rendered":"\t\t<div data-elementor-type=\"wp-page\" data-elementor-id=\"6512\" class=\"elementor elementor-6512 elementor-5358\">\n\t\t\t\t\t\t<section class=\"elementor-section elementor-top-section elementor-element elementor-element-e0e69ce elementor-section-boxed elementor-section-height-default elementor-section-height-default\" data-id=\"e0e69ce\" data-element_type=\"section\">\n\t\t\t\t\t\t<div class=\"elementor-container elementor-column-gap-default\">\n\t\t\t\t\t<div class=\"elementor-column elementor-col-100 elementor-top-column elementor-element elementor-element-5ce4438\" data-id=\"5ce4438\" data-element_type=\"column\">\n\t\t\t<div class=\"elementor-widget-wrap elementor-element-populated\">\n\t\t\t\t\t\t<section class=\"elementor-section elementor-inner-section elementor-element elementor-element-1360559 elementor-section-full_width elementor-section-height-default elementor-section-height-default\" data-id=\"1360559\" data-element_type=\"section\">\n\t\t\t\t\t\t<div class=\"elementor-container elementor-column-gap-default\">\n\t\t\t\t\t<div class=\"elementor-column elementor-col-50 elementor-inner-column elementor-element elementor-element-60d290a\" data-id=\"60d290a\" data-element_type=\"column\">\n\t\t\t<div class=\"elementor-widget-wrap elementor-element-populated\">\n\t\t\t\t\t\t<div class=\"elementor-element elementor-element-349b483 elementor-widget elementor-widget-vedhak_elementor_heading\" data-id=\"349b483\" data-element_type=\"widget\" data-widget_type=\"vedhak_elementor_heading.default\">\n\t\t\t\t<div class=\"elementor-widget-container\">\n\t\t\t\t\t\t\t\t<div class=\"ova-heading template1\">\n\n\t\t\t\t\n\t\t\t\t\t<h2 class=\"sub-title\">\n\n\t\t\t\t\t\t \n\t\t\t\t\t\t\t\t\t\t\t\t\t<span class=\"line-decoration\"><\/span>\n\t\t\t\t\t\t\n\t\t\t\t\t\tTarifs 2026\n\t\t\t\t\t<\/h2>\n\n\t\t\t\t\n\t\t\t\t\n\t\t\t\t\t\n\t\t\t\t\t\t<h3 class=\"title\"><span class=\"title-bold\">Liste\n<\/span><span class=\"title-normal\">des prix<\/span><\/h3>\n\n\t\t\t\t\t\n\n\t\t\t\t\t\t\t\t\t\n\t\t\t\t\n\t\t\t\t\n\t\t\t\t\t\n\t\t\t\t\n\t\t\t<\/div>\n\n\t\t\t\t\t\t<\/div>\n\t\t\t\t<\/div>\n\t\t\t\t\t<\/div>\n\t\t<\/div>\n\t\t\t\t<div class=\"elementor-column elementor-col-50 elementor-inner-column elementor-element elementor-element-ebd5f30\" data-id=\"ebd5f30\" data-element_type=\"column\">\n\t\t\t<div class=\"elementor-widget-wrap elementor-element-populated\">\n\t\t\t\t<div class=\"elementor-element elementor-element-04e5725 e-con-full e-flex e-con e-child\" data-id=\"04e5725\" data-element_type=\"container\">\n\t\t\t\t<div class=\"elementor-element elementor-element-b35d2ab elementor-widget elementor-widget-text-editor\" data-id=\"b35d2ab\" data-element_type=\"widget\" data-widget_type=\"text-editor.default\">\n\t\t\t\t\t\t\t\t\t<h3>P\u00e9riode d\u2019ouverture 2026 : 24 avril \u2013 11 octobre<\/h3>\t\t\t\t\t\t\t\t<\/div>\n\t\t<div class=\"elementor-element elementor-element-1154114 e-con-full e-flex e-con e-child\" data-id=\"1154114\" data-element_type=\"container\">\n\t\t\t\t<div class=\"elementor-element elementor-element-907d7b7 elementor-widget elementor-widget-button\" data-id=\"907d7b7\" data-element_type=\"widget\" data-widget_type=\"button.default\">\n\t\t\t\t\t\t\t\t\t\t<a class=\"elementor-button elementor-button-link elementor-size-sm\" href=\"\/fr\/tarifs\/#homes\">\n\t\t\t\t\t\t<span class=\"elementor-button-content-wrapper\">\n\t\t\t\t\t\t<span class=\"elementor-button-icon\">\n\t\t\t\t<svg aria-hidden=\"true\" class=\"e-font-icon-svg e-fas-angle-double-right\" viewBox=\"0 0 448 512\" xmlns=\"http:\/\/www.w3.org\/2000\/svg\"><path d=\"M224.3 273l-136 136c-9.4 9.4-24.6 9.4-33.9 0l-22.6-22.6c-9.4-9.4-9.4-24.6 0-33.9l96.4-96.4-96.4-96.4c-9.4-9.4-9.4-24.6 0-33.9L54.3 103c9.4-9.4 24.6-9.4 33.9 0l136 136c9.5 9.4 9.5 24.6.1 34zm192-34l-136-136c-9.4-9.4-24.6-9.4-33.9 0l-22.6 22.6c-9.4 9.4-9.4 24.6 0 33.9l96.4 96.4-96.4 96.4c-9.4 9.4-9.4 24.6 0 33.9l22.6 22.6c9.4 9.4 24.6 9.4 33.9 0l136-136c9.4-9.2 9.4-24.4 0-33.8z\"><\/path><\/svg>\t\t\t<\/span>\n\t\t\t\t\t\t\t\t\t<span class=\"elementor-button-text\">Tarifs<\/span>\n\t\t\t\t\t<\/span>\n\t\t\t\t\t<\/a>\n\t\t\t\t\t\t\t\t<\/div>\n\t\t\t\t<div class=\"elementor-element elementor-element-8ad15e5 elementor-widget elementor-widget-button\" data-id=\"8ad15e5\" data-element_type=\"widget\" data-widget_type=\"button.default\">\n\t\t\t\t\t\t\t\t\t\t<a class=\"elementor-button elementor-button-link elementor-size-sm\" href=\"\/fr\/offres\/\">\n\t\t\t\t\t\t<span class=\"elementor-button-content-wrapper\">\n\t\t\t\t\t\t<span class=\"elementor-button-icon\">\n\t\t\t\t<svg aria-hidden=\"true\" class=\"e-font-icon-svg e-fas-angle-double-right\" viewBox=\"0 0 448 512\" xmlns=\"http:\/\/www.w3.org\/2000\/svg\"><path d=\"M224.3 273l-136 136c-9.4 9.4-24.6 9.4-33.9 0l-22.6-22.6c-9.4-9.4-9.4-24.6 0-33.9l96.4-96.4-96.4-96.4c-9.4-9.4-9.4-24.6 0-33.9L54.3 103c9.4-9.4 24.6-9.4 33.9 0l136 136c9.5 9.4 9.5 24.6.1 34zm192-34l-136-136c-9.4-9.4-24.6-9.4-33.9 0l-22.6 22.6c-9.4 9.4-9.4 24.6 0 33.9l96.4 96.4-96.4 96.4c-9.4 9.4-9.4 24.6 0 33.9l22.6 22.6c9.4 9.4 24.6 9.4 33.9 0l136-136c9.4-9.2 9.4-24.4 0-33.8z\"><\/path><\/svg>\t\t\t<\/span>\n\t\t\t\t\t\t\t\t\t<span class=\"elementor-button-text\">Offres<\/span>\n\t\t\t\t\t<\/span>\n\t\t\t\t\t<\/a>\n\t\t\t\t\t\t\t\t<\/div>\n\t\t\t\t<\/div>\n\t\t\t\t<\/div>\n\t\t\t\t\t<\/div>\n\t\t<\/div>\n\t\t\t\t\t<\/div>\n\t\t<\/section>\n\t\t\t\t<div class=\"elementor-element elementor-element-e2cde6d elementor-widget elementor-widget-vedhak_elementor_heading\" data-id=\"e2cde6d\" data-element_type=\"widget\" data-widget_type=\"vedhak_elementor_heading.default\">\n\t\t\t\t<div class=\"elementor-widget-container\">\n\t\t\t\t\t\t\t\t<div class=\"ova-heading template1\">\n\n\t\t\t\t\n\t\t\t\t\t<h2 class=\"sub-title\">\n\n\t\t\t\t\t\t \n\t\t\t\t\t\t\t\t\t\t\t\t\t<span class=\"line-decoration\"><\/span>\n\t\t\t\t\t\t\n\t\t\t\t\t\tPrix journaliers\n\t\t\t\t\t<\/h2>\n\n\t\t\t\t\n\t\t\t\t\n\t\t\t\t\t\n\t\t\t\t\t\t<h3 class=\"title\"><span class=\"title-bold\"><\/span><span class=\"title-normal\">Camping<\/span><\/h3>\n\n\t\t\t\t\t\n\n\t\t\t\t\t\t\t\t\t\n\t\t\t\t\n\t\t\t\t\n\t\t\t\t\t\n\t\t\t\t\n\t\t\t<\/div>\n\n\t\t\t\t\t\t<\/div>\n\t\t\t\t<\/div>\n\t\t\t\t<div class=\"elementor-element elementor-element-1880e2d elementor-widget elementor-widget-shortcode\" data-id=\"1880e2d\" data-element_type=\"widget\" data-widget_type=\"shortcode.default\">\n\t\t\t\t\t\t\t<div class=\"elementor-shortcode\">\n<table id=\"tablepress-6\" class=\"tablepress tablepress-id-6\">\n<thead>\n<tr class=\"row-1\">\n\t<th class=\"column-1\">Camping 2026<\/th><th class=\"column-2\">24.04 \u2013 22.05<br \/>\n27.09 \u2013 11.10<\/th><th class=\"column-3\">22.05 \u2013 27.06<br \/>\n13.09 \u2013 27.09<\/th><th class=\"column-4\">27.06 \u2013 25.07<br \/>\n31.08 \u2013 13.09 <\/th><th class=\"column-5\">25.07 \u2013 31.08<\/th>\n<\/tr>\n<\/thead>\n<tbody class=\"row-hover\">\n<tr class=\"row-2\">\n\t<td class=\"column-1\">Adultes<\/td><td class=\"column-2\">\u20ac 11,00<\/td><td class=\"column-3\">\u20ac 13,50<\/td><td class=\"column-4\">\u20ac 16,00<\/td><td class=\"column-5\">\u20ac 19,00<\/td>\n<\/tr>\n<tr class=\"row-3\">\n\t<td class=\"column-1\">Enfants 0\u20132 ans<\/td><td class=\"column-2\">Gratuit<\/td><td class=\"column-3\">Gratuit<\/td><td class=\"column-4\">Gratuit<\/td><td class=\"column-5\">Gratuit<\/td>\n<\/tr>\n<tr class=\"row-4\">\n\t<td class=\"column-1\">Enfants 3\u20135 ans<\/td><td class=\"column-2\">\u20ac 5,50<\/td><td class=\"column-3\">\u20ac 6,50<\/td><td class=\"column-4\">\u20ac 9,00<\/td><td class=\"column-5\">\u20ac 11,00<\/td>\n<\/tr>\n<tr class=\"row-5\">\n\t<td class=\"column-1\">Junior 6\u201311 ans<\/td><td class=\"column-2\">\u20ac 6,50<\/td><td class=\"column-3\">\u20ac 8,50<\/td><td class=\"column-4\">\u20ac 11,00<\/td><td class=\"column-5\">\u20ac 14,00<\/td>\n<\/tr>\n<tr class=\"row-6\">\n\t<td class=\"column-1\">Caravane, Camping-car, Remorque tente, Tente sur voiture jusqu\u2019\u00e0 5,50 m<\/td><td class=\"column-2\">\u20ac 15,00<\/td><td class=\"column-3\">\u20ac 18,00<\/td><td class=\"column-4\">\u20ac 22,00<\/td><td class=\"column-5\">\u20ac 26,00<\/td>\n<\/tr>\n<tr class=\"row-7\">\n\t<td class=\"column-1\">Caravane, Camping-car, Remorque tente, Tente sur voiture plus de 5,50 m<\/td><td class=\"column-2\">\u20ac 18,00<\/td><td class=\"column-3\">\u20ac 22,00<\/td><td class=\"column-4\">\u20ac 26,00<\/td><td class=\"column-5\">\u20ac 32,00<\/td>\n<\/tr>\n<tr class=\"row-8\">\n\t<td class=\"column-1\">Tente<\/td><td class=\"column-2\">\u20ac 13,00<\/td><td class=\"column-3\">\u20ac 16,00<\/td><td class=\"column-4\">\u20ac 19,50<\/td><td class=\"column-5\">\u20ac 23,00<\/td>\n<\/tr>\n<tr class=\"row-9\">\n\t<td class=\"column-1\">Tente c\u00f4t\u00e9 falaise<\/td><td class=\"column-2\">\u20ac 17,00<\/td><td class=\"column-3\">\u20ac 20,00<\/td><td class=\"column-4\">\u20ac 25,00<\/td><td class=\"column-5\">\u20ac 30,00<\/td>\n<\/tr>\n<tr class=\"row-10\">\n\t<td class=\"column-1\">Petite tente (2 m x 2 m)<\/td><td class=\"column-2\">\u20ac 11,00<\/td><td class=\"column-3\">\u20ac 13,00<\/td><td class=\"column-4\">\u20ac 15,00<\/td><td class=\"column-5\">\u20ac 17,00<\/td>\n<\/tr>\n<tr class=\"row-11\">\n\t<td class=\"column-1\">Petite tente (2 m x 2 m) c\u00f4t\u00e9 falaise<\/td><td class=\"column-2\">\u20ac 14,00<\/td><td class=\"column-3\">\u20ac 17,00<\/td><td class=\"column-4\">\u20ac 20,00<\/td><td class=\"column-5\">\u20ac 22,00<\/td>\n<\/tr>\n<tr class=\"row-12\">\n\t<td class=\"column-1\">Voiture<\/td><td class=\"column-2\">\u20ac 5,00<\/td><td class=\"column-3\">\u20ac 5,00<\/td><td class=\"column-4\">\u20ac 5,00<\/td><td class=\"column-5\">\u20ac 5,00<\/td>\n<\/tr>\n<tr class=\"row-13\">\n\t<td class=\"column-1\">Moto<\/td><td class=\"column-2\">\u20ac 3,00<\/td><td class=\"column-3\">\u20ac 3,00<\/td><td class=\"column-4\">\u20ac 4,00<\/td><td class=\"column-5\">\u20ac 4,00<\/td>\n<\/tr>\n<tr class=\"row-14\">\n\t<td class=\"column-1\">Remorque<\/td><td class=\"column-2\">\u20ac 5,00<\/td><td class=\"column-3\">\u20ac 5,00<\/td><td class=\"column-4\">\u20ac 5,00<\/td><td class=\"column-5\">\u20ac 5,00<\/td>\n<\/tr>\n<tr class=\"row-15\">\n\t<td class=\"column-1\">Branchement \u00e9lectrique<\/td><td class=\"column-2\">\u20ac 5,00<\/td><td class=\"column-3\">\u20ac 5,00<\/td><td class=\"column-4\">\u20ac 5,00<\/td><td class=\"column-5\">\u20ac 5,00<\/td>\n<\/tr>\n<tr class=\"row-16\">\n\t<td class=\"column-1\">Animaux<\/td><td class=\"column-2\">\u20ac 5,00<\/td><td class=\"column-3\">\u20ac 5,00<\/td><td class=\"column-4\">\u20ac 5,00<\/td><td class=\"column-5\">\u20ac 5,00<\/td>\n<\/tr>\n<tr class=\"row-17\">\n\t<td class=\"column-1\">Coffre-fort<\/td><td class=\"column-2\">\u20ac 2,00<\/td><td class=\"column-3\">\u20ac 2,00<\/td><td class=\"column-4\">\u20ac 2,00<\/td><td class=\"column-5\">\u20ac 2,00<\/td>\n<\/tr>\n<tr class=\"row-18\">\n\t<td class=\"column-1\">Visiteur \u00e0 la journ\u00e9e (9:00\u201322:00)<\/td><td class=\"column-2\">\u20ac 6,00<\/td><td class=\"column-3\">\u20ac 8,00<\/td><td class=\"column-4\">\u20ac 10,00<\/td><td class=\"column-5\">\u20ac 12,00<\/td>\n<\/tr>\n<tr class=\"row-19\">\n\t<td class=\"column-1\">R\u00e9frig\u00e9rateur sur emplacement<\/td><td class=\"column-2\">\u20ac 10,00<\/td><td class=\"column-3\">\u20ac 10,00<\/td><td class=\"column-4\">\u20ac 10,00<\/td><td class=\"column-5\">\u20ac 10,00<\/td>\n<\/tr>\n<tr class=\"row-20\">\n\t<td class=\"column-1\">Recharge voiture \u00e9lectrique kWh<\/td><td class=\"column-2\">\u20ac 0,95<\/td><td class=\"column-3\">\u20ac 0,95<\/td><td class=\"column-4\">\u20ac 0,95<\/td><td class=\"column-5\">\u20ac 0,95<\/td>\n<\/tr>\n<tr class=\"row-21\">\n\t<td class=\"column-1\">Recharge t\u00e9l\u00e9phone<\/td><td class=\"column-2\">\u20ac 1,50<\/td><td class=\"column-3\">\u20ac 1,50<\/td><td class=\"column-4\">\u20ac 1,50<\/td><td class=\"column-5\">\u20ac 1,50<\/td>\n<\/tr>\n<tr class=\"row-22\">\n\t<td class=\"column-1\">Machine \u00e0 laver avec lessive (1 lavage)<\/td><td class=\"column-2\">\u20ac 5,50<\/td><td class=\"column-3\">\u20ac 5,50<\/td><td class=\"column-4\">\u20ac 5,50<\/td><td class=\"column-5\">\u20ac 5,50<\/td>\n<\/tr>\n<\/tbody>\n<\/table>\n<!-- #tablepress-6 from cache --><\/div>\n\t\t\t\t\t\t<\/div>\n\t\t\t\t<div class=\"elementor-element elementor-element-11c4bb7 elementor-widget elementor-widget-heading\" data-id=\"11c4bb7\" data-element_type=\"widget\" data-widget_type=\"heading.default\">\n\t\t\t\t\t<h2 class=\"elementor-heading-title elementor-size-default\">Notes<\/h2>\t\t\t\t<\/div>\n\t\t\t\t<div class=\"elementor-element elementor-element-8c4ed3f elementor-widget elementor-widget-text-editor\" data-id=\"8c4ed3f\" data-element_type=\"widget\" data-widget_type=\"text-editor.default\">\n\t\t\t\t\t\t\t\t\tFrais de r\u00e9servation 20,00 \u20ac.\t\t\t\t\t\t\t\t<\/div>\n\t\t\t\t<div class=\"elementor-element elementor-element-182e954 elementor-widget elementor-widget-spacer\" data-id=\"182e954\" data-element_type=\"widget\" id=\"case\" data-widget_type=\"spacer.default\">\n\t\t\t\t\t\t\t<div class=\"elementor-spacer\">\n\t\t\t<div class=\"elementor-spacer-inner\"><\/div>\n\t\t<\/div>\n\t\t\t\t\t\t<\/div>\n\t\t\t\t<div class=\"elementor-element elementor-element-0f65b37 elementor-widget elementor-widget-vedhak_elementor_heading\" data-id=\"0f65b37\" data-element_type=\"widget\" data-widget_type=\"vedhak_elementor_heading.default\">\n\t\t\t\t<div class=\"elementor-widget-container\">\n\t\t\t\t\t\t\t\t<div class=\"ova-heading template1\">\n\n\t\t\t\t\n\t\t\t\t\t<h2 class=\"sub-title\">\n\n\t\t\t\t\t\t \n\t\t\t\t\t\t\t\t\t\t\t\t\t<span class=\"line-decoration\"><\/span>\n\t\t\t\t\t\t\n\t\t\t\t\t\tPrix journaliers\n\t\t\t\t\t<\/h2>\n\n\t\t\t\t\n\t\t\t\t\n\t\t\t\t\t\n\t\t\t\t\t\t<h3 class=\"title\"><span class=\"title-bold\"><\/span><span class=\"title-normal\">Mobil-homes<\/span><\/h3>\n\n\t\t\t\t\t\n\n\t\t\t\t\t\t\t\t\t\n\t\t\t\t\n\t\t\t\t\n\t\t\t\t\t\n\t\t\t\t\n\t\t\t<\/div>\n\n\t\t\t\t\t\t<\/div>\n\t\t\t\t<\/div>\n\t\t\t\t<div class=\"elementor-element elementor-element-f2eee63 elementor-widget elementor-widget-shortcode\" data-id=\"f2eee63\" data-element_type=\"widget\" data-widget_type=\"shortcode.default\">\n\t\t\t\t\t\t\t<div class=\"elementor-shortcode\">\n<table id=\"tablepress-5\" class=\"tablepress tablepress-id-5\">\n<thead>\n<tr class=\"row-1\">\n\t<th class=\"column-1\">Mobil-homes 2026<\/th><th class=\"column-2\">24.04 \u2013 22.05<br \/>\n27.09 \u2013 11.10<\/th><th class=\"column-3\">22.05 \u2013 27.06<br \/>\n13.09 \u2013 27.09<\/th><th class=\"column-4\">27.06 \u2013 25.07<br \/>\n31.08 \u2013 13.09 <\/th><th class=\"column-5\">25.07 \u2013 31.08<\/th>\n<\/tr>\n<\/thead>\n<tbody class=\"row-hover\">\n<tr class=\"row-2\">\n\t<td class=\"column-1\">Bungalow type A<br \/>\n2 pers.<\/td><td class=\"column-2\">\u20ac 70,00<\/td><td class=\"column-3\">\u20ac 100,00<\/td><td class=\"column-4\">\u20ac 130,00<\/td><td class=\"column-5\">\u20ac 150,00<\/td>\n<\/tr>\n<tr class=\"row-3\">\n\t<td class=\"column-1\">Bungalow type A<br \/>\n3 pers.<\/td><td class=\"column-2\">\u20ac 80,00<\/td><td class=\"column-3\">\u20ac 110,00<\/td><td class=\"column-4\">\u20ac 145,00<\/td><td class=\"column-5\">\u20ac 170,00<\/td>\n<\/tr>\n<tr class=\"row-4\">\n\t<td class=\"column-1\">Bungalow type B<br \/>\n4 pers.<\/td><td class=\"column-2\">\u20ac 100,00<\/td><td class=\"column-3\">\u20ac 130,00<\/td><td class=\"column-4\">\u20ac 180,00<\/td><td class=\"column-5\">\u20ac 210,00<\/td>\n<\/tr>\n<tr class=\"row-5\">\n\t<td class=\"column-1\">Bungalow type B<br \/>\n5 pers.<\/td><td class=\"column-2\">\u20ac 110,00<\/td><td class=\"column-3\">\u20ac 145,00<\/td><td class=\"column-4\">\u20ac 200,00<\/td><td class=\"column-5\">\u20ac 225,00<\/td>\n<\/tr>\n<tr class=\"row-6\">\n\t<td class=\"column-1\">Chalet Superior type A\/B<br \/>\n4 pers.<\/td><td class=\"column-2\">\u20ac 125,00<\/td><td class=\"column-3\">\u20ac 170,00<\/td><td class=\"column-4\">\u20ac 215,00<\/td><td class=\"column-5\">\u20ac 245,00<\/td>\n<\/tr>\n<tr class=\"row-7\">\n\t<td class=\"column-1\">Chalet Superior type A\/B<br \/>\n5 pers.<\/td><td class=\"column-2\">\u20ac 140,00<\/td><td class=\"column-3\">\u20ac 190,00<\/td><td class=\"column-4\">\u20ac 235,00<\/td><td class=\"column-5\">\u20ac 265,00<\/td>\n<\/tr>\n<tr class=\"row-8\">\n\t<td class=\"column-1\">Nettoyage final*<\/td><td class=\"column-2\">\u20ac 60,00<\/td><td class=\"column-3\">\u20ac 60,00<\/td><td class=\"column-4\">\u20ac 60,00<\/td><td class=\"column-5\">\u20ac 60,00<\/td>\n<\/tr>\n<tr class=\"row-9\">\n\t<td class=\"column-1\">Nettoyage cuisine\/vaisselle\/r\u00e9frig\u00e9rateur (sur demande)<\/td><td class=\"column-2\">\u20ac 20,00<\/td><td class=\"column-3\">\u20ac 20,00<\/td><td class=\"column-4\">\u20ac 20,00<\/td><td class=\"column-5\">\u20ac 20,00<\/td>\n<\/tr>\n<\/tbody>\n<\/table>\n<!-- #tablepress-5 from cache --><\/div>\n\t\t\t\t\t\t<\/div>\n\t\t\t\t<div class=\"elementor-element elementor-element-69c147c elementor-widget elementor-widget-heading\" data-id=\"69c147c\" data-element_type=\"widget\" data-widget_type=\"heading.default\">\n\t\t\t\t\t<h2 class=\"elementor-heading-title elementor-size-default\">Notes<\/h2>\t\t\t\t<\/div>\n\t\t\t\t<div class=\"elementor-element elementor-element-804fe69 elementor-widget elementor-widget-text-editor\" data-id=\"804fe69\" data-element_type=\"widget\" data-widget_type=\"text-editor.default\">\n\t\t\t\t\t\t\t\t\t<p>Frais de r\u00e9servation 20,00 \u20ac.<\/p><p>Prix par jour incluant les lits faits \u00e0 l\u2019arriv\u00e9e, les personnes, l\u2019\u00e9lectricit\u00e9, le gaz, 1 place de parking et la climatisation\/chauffage.<\/p><h5>P\u00e9riodes C\/D<\/h5><p>Pendant les p\u00e9riodes C\/D, le s\u00e9jour minimum est d\u2019une semaine, du samedi au samedi, du dimanche au dimanche, du lundi au lundi ou du jeudi au jeudi. Possibilit\u00e9 \u00e9galement de s\u00e9jour de 10 jours (lundi\u2013jeudi) et de 11 jours (jeudi\u2013lundi).<\/p><h5>P\u00e9riodes A\/B<\/h5><p>Pendant les p\u00e9riodes A\/B, la dur\u00e9e du s\u00e9jour est libre et le linge de lit n\u2019est PAS inclus pour les s\u00e9jours de moins d\u2019une semaine.<\/p><h5>Animaux domestiques<\/h5><p>Les animaux domestiques sont admis dans les bungalows \u00e0 condition qu\u2019ils soient habitu\u00e9s \u00e0 ne pas monter sur les lits et les canap\u00e9s et qu\u2019ils ne soient pas laiss\u00e9s seuls dans l\u2019h\u00e9bergement. Le tarif \u00ab animaux \u00bb selon la grille tarifaire du camping sera appliqu\u00e9.<\/p><p>*Le nettoyage ne comprend pas le bloc cuisine ni la vaisselle, qui doivent donc \u00eatre laiss\u00e9s propres.<\/p>\t\t\t\t\t\t\t\t<\/div>\n\t\t\t\t\t<\/div>\n\t\t<\/div>\n\t\t\t\t\t<\/div>\n\t\t<\/section>\n\t\t\t\t<\/div>\n\t\t","protected":false},"excerpt":{"rendered":"<p>Tarifs 2026 Liste des prix P\u00e9riode d\u2019ouverture 2026 : 24 avril \u2013 11 octobre Tarifs Offres Prix journaliers Camping Notes Frais de r\u00e9servation 20,00 \u20ac. Prix journaliers Mobil-homes Notes Frais de r\u00e9servation 20,00 \u20ac. Prix par jour incluant les lits faits \u00e0 l\u2019arriv\u00e9e, les personnes, l\u2019\u00e9lectricit\u00e9, le gaz, 1 place de parking et la climatisation\/chauffage. [&hellip;]<\/p>\n","protected":false},"author":2,"featured_media":0,"parent":0,"menu_order":0,"comment_status":"closed","ping_status":"closed","template":"elementor_header_footer","meta":{"footnotes":""},"class_list":["post-6512","page","type-page","status-publish","hentry"],"_links":{"self":[{"href":"https:\/\/www.campingenfola.com\/fr\/wp-json\/wp\/v2\/pages\/6512","targetHints":{"allow":["GET"]}}],"collection":[{"href":"https:\/\/www.campingenfola.com\/fr\/wp-json\/wp\/v2\/pages"}],"about":[{"href":"https:\/\/www.campingenfola.com\/fr\/wp-json\/wp\/v2\/types\/page"}],"author":[{"embeddable":true,"href":"https:\/\/www.campingenfola.com\/fr\/wp-json\/wp\/v2\/users\/2"}],"replies":[{"embeddable":true,"href":"https:\/\/www.campingenfola.com\/fr\/wp-json\/wp\/v2\/comments?post=6512"}],"version-history":[{"count":5,"href":"https:\/\/www.campingenfola.com\/fr\/wp-json\/wp\/v2\/pages\/6512\/revisions"}],"predecessor-version":[{"id":8271,"href":"https:\/\/www.campingenfola.com\/fr\/wp-json\/wp\/v2\/pages\/6512\/revisions\/8271"}],"wp:attachment":[{"href":"https:\/\/www.campingenfola.com\/fr\/wp-json\/wp\/v2\/media?parent=6512"}],"curies":[{"name":"wp","href":"https:\/\/api.w.org\/{rel}","templated":true}]}}