{"id":6434,"date":"2026-02-05T15:26:31","date_gmt":"2026-02-05T14:26:31","guid":{"rendered":"http:\/\/campingenfola.youelba.com\/dove-siamo\/"},"modified":"2026-03-13T10:38:39","modified_gmt":"2026-03-13T09:38:39","slug":"lage","status":"publish","type":"page","link":"https:\/\/www.campingenfola.com\/de\/lage\/","title":{"rendered":"Lage"},"content":{"rendered":"\t\t<div data-elementor-type=\"wp-page\" data-elementor-id=\"6434\" class=\"elementor elementor-6434 elementor-4862\">\n\t\t\t\t\t\t<section class=\"elementor-section elementor-top-section elementor-element elementor-element-f778405 elementor-section-content-middle elementor-section-boxed elementor-section-height-default elementor-section-height-default\" data-id=\"f778405\" data-element_type=\"section\">\n\t\t\t\t\t\t<div class=\"elementor-container elementor-column-gap-no\">\n\t\t\t\t\t<div class=\"elementor-column elementor-col-50 elementor-top-column elementor-element elementor-element-3e91e69\" data-id=\"3e91e69\" data-element_type=\"column\" data-settings=\"{&quot;background_background&quot;:&quot;classic&quot;}\">\n\t\t\t<div class=\"elementor-widget-wrap elementor-element-populated\">\n\t\t\t\t\t\t<div class=\"elementor-element elementor-element-019e891 elementor-widget elementor-widget-image\" data-id=\"019e891\" data-element_type=\"widget\" data-widget_type=\"image.default\">\n\t\t\t\t\t\t\t\t\t\t\t\t\t\t\t<img fetchpriority=\"high\" decoding=\"async\" width=\"1920\" height=\"1280\" src=\"https:\/\/www.campingenfola.com\/wp-content\/uploads\/2026\/02\/0014_c-enfola2019.jpg\" class=\"attachment-full size-full wp-image-6435\" alt=\"Vista aerea del Camping Enfola affacciato sul mare con spiaggia, molo e costa rocciosa dell\u2019Isola d\u2019Elba\" srcset=\"https:\/\/www.campingenfola.com\/wp-content\/uploads\/2026\/02\/0014_c-enfola2019.jpg 1920w, https:\/\/www.campingenfola.com\/wp-content\/uploads\/2026\/02\/0014_c-enfola2019-300x200.jpg 300w, https:\/\/www.campingenfola.com\/wp-content\/uploads\/2026\/02\/0014_c-enfola2019-1024x683.jpg 1024w, https:\/\/www.campingenfola.com\/wp-content\/uploads\/2026\/02\/0014_c-enfola2019-768x512.jpg 768w, https:\/\/www.campingenfola.com\/wp-content\/uploads\/2026\/02\/0014_c-enfola2019-1536x1024.jpg 1536w, https:\/\/www.campingenfola.com\/wp-content\/uploads\/2026\/02\/0014_c-enfola2019-600x400.jpg 600w\" sizes=\"(max-width: 1920px) 100vw, 1920px\" \/>\t\t\t\t\t\t\t\t\t\t\t\t\t\t\t<\/div>\n\t\t\t\t\t<\/div>\n\t\t<\/div>\n\t\t\t\t<div class=\"elementor-column elementor-col-50 elementor-top-column elementor-element elementor-element-d6f3550\" data-id=\"d6f3550\" data-element_type=\"column\" data-settings=\"{&quot;background_background&quot;:&quot;classic&quot;}\">\n\t\t\t<div class=\"elementor-widget-wrap elementor-element-populated\">\n\t\t\t\t\t\t<div class=\"elementor-element elementor-element-34e2ed9 elementor-widget elementor-widget-vedhak_elementor_heading\" data-id=\"34e2ed9\" data-element_type=\"widget\" data-widget_type=\"vedhak_elementor_heading.default\">\n\t\t\t\t<div class=\"elementor-widget-container\">\n\t\t\t\t\t\t\t\t<div class=\"ova-heading template1\">\n\n\t\t\t\t\n\t\t\t\t\t<h2 class=\"sub-title\">\n\n\t\t\t\t\t\t \n\t\t\t\t\t\t\t\t\t\t\t\t\t<span class=\"line-decoration\"><\/span>\n\t\t\t\t\t\t\n\t\t\t\t\t\t\u00dcber uns\n\t\t\t\t\t<\/h2>\n\n\t\t\t\t\n\t\t\t\t\n\t\t\t\t\t\n\t\t\t\t\t\t<h3 class=\"title\"><span class=\"title-bold\">Lage<\/span><span class=\"title-normal\"><\/span><\/h3>\n\n\t\t\t\t\t\n\n\t\t\t\t\t\t\t\t\t\n\t\t\t\t\n\t\t\t\t\n\t\t\t\t\t\n\t\t\t\t\n\t\t\t<\/div>\n\n\t\t\t\t\t\t<\/div>\n\t\t\t\t<\/div>\n\t\t\t\t<div class=\"elementor-element elementor-element-a8a98da elementor-widget elementor-widget-text-editor\" data-id=\"a8a98da\" data-element_type=\"widget\" data-widget_type=\"text-editor.default\">\n\t\t\t\t\t\t\t\t\t<p>6 km von Portoferraio entfernt, der Hauptstadt der Insel Elba und dem wichtigsten F\u00e4hrhafen, liegt Camping Enfola mit 50 charmanten Stellpl\u00e4tzen, eingebettet ins Gr\u00fcn und sanft zum Meer hin abfallend.<\/p><p>Die Lage ist strategisch: im Zentrum der Insel und nur 5 Minuten von allen wichtigen Dienstleistungen entfernt (Hafen, Krankenhaus, Superm\u00e4rkte, Banken, Apotheken usw.), gleichzeitig aber abseits der st\u00e4rker touristischen Routen \u2013 ideal f\u00fcr einen ruhigen und entspannten Urlaub fern vom Trubel.<\/p>\t\t\t\t\t\t\t\t<\/div>\n\t\t\t\t\t<\/div>\n\t\t<\/div>\n\t\t\t\t\t<\/div>\n\t\t<\/section>\n\t\t<div class=\"elementor-element elementor-element-73a3509 e-flex e-con-boxed e-con e-parent\" data-id=\"73a3509\" data-element_type=\"container\">\n\t\t\t\t\t<div class=\"e-con-inner\">\n\t\t\t\t<div class=\"elementor-element elementor-element-3bec6f0 elementor-widget elementor-widget-vedhak_elementor_heading\" data-id=\"3bec6f0\" data-element_type=\"widget\" data-widget_type=\"vedhak_elementor_heading.default\">\n\t\t\t\t<div class=\"elementor-widget-container\">\n\t\t\t\t\t\t\t\t<div class=\"ova-heading template1\">\n\n\t\t\t\t\n\t\t\t\t\n\t\t\t\t\t\n\t\t\t\t\t\t<h3 class=\"title\"><span class=\"title-bold\"><\/span><span class=\"title-normal\">Das Vorgebirge von Enfola<\/span><\/h3>\n\n\t\t\t\t\t\n\n\t\t\t\t\t\t\t\t\t\n\t\t\t\t\n\t\t\t\t\n\t\t\t\t\t\n\t\t\t\t\n\t\t\t<\/div>\n\n\t\t\t\t\t\t<\/div>\n\t\t\t\t<\/div>\n\t\t\t\t<div class=\"elementor-element elementor-element-e21daeb elementor-widget elementor-widget-text-editor\" data-id=\"e21daeb\" data-element_type=\"widget\" data-widget_type=\"text-editor.default\">\n\t\t\t\t\t\t\t\t\t<p>Enfola ist gepr\u00e4gt von einem der eindrucksvollsten Vorgebirge der Insel Elba, bekannt f\u00fcr seinen landschaftlichen und historischen Wert. Atemberaubende Ausblicke, \u00fcppige Vegetation und Spuren menschlicher Geschichte wechseln sich in einer einzigartigen Landschaft voller Farben und D\u00fcfte ab.<\/p><p>Am Hauptstrand befindet sich die alte Tonnara, in der fr\u00fcher der Fisch gesammelt und verarbeitet wurde. Die Tonnara wurde 1959 geschlossen, k\u00fcrzlich restauriert und ist heute Sitz des Nationalparks Toskanischer Archipel.<\/p><p>Vom Campingplatz und seinem nach S\u00fcdwesten ausgerichteten Strand aus k\u00f6nnen Sie die Sonne bis zum sp\u00e4ten Abend genie\u00dfen, mit Blick auf die Golfe von Procchio und Marciana Marina, den Monte Capanne und Korsika.<\/p>\t\t\t\t\t\t\t\t<\/div>\n\t\t\t\t<div class=\"elementor-element elementor-element-7c2de6a elementor-widget elementor-widget-image-gallery\" data-id=\"7c2de6a\" data-element_type=\"widget\" data-widget_type=\"image-gallery.default\">\n\t\t\t\t\t\t\t<div class=\"elementor-image-gallery\">\n\t\t\t\n\t\t<style type=\"text\/css\">\n\t\t\t#gallery-1 {\n\t\t\t\tmargin: auto;\n\t\t\t}\n\t\t\t#gallery-1 .gallery-item {\n\t\t\t\tfloat: left;\n\t\t\t\tmargin-top: 10px;\n\t\t\t\ttext-align: center;\n\t\t\t\twidth: 50%;\n\t\t\t}\n\t\t\t#gallery-1 img {\n\t\t\t\tborder: 2px solid #cfcfcf;\n\t\t\t}\n\t\t\t#gallery-1 .gallery-caption {\n\t\t\t\tmargin-left: 0;\n\t\t\t}\n\t\t\t\/* see gallery_shortcode() in wp-includes\/media.php *\/\n\t\t<\/style>\n\t\t<div id='gallery-1' class='gallery galleryid-6434 gallery-columns-2 gallery-size-medium_large'><dl class='gallery-item'>\n\t\t\t<dt class='gallery-icon landscape'>\n\t\t\t\t<a data-elementor-open-lightbox=\"yes\" data-elementor-lightbox-slideshow=\"7c2de6a\" data-elementor-lightbox-title=\"Vista aerea del Camping Enfola sul mare\" data-e-action-hash=\"#elementor-action%3Aaction%3Dlightbox%26settings%3DeyJpZCI6Njg5NSwidXJsIjoiaHR0cHM6XC9cL3d3dy5jYW1waW5nZW5mb2xhLmNvbVwvd3AtY29udGVudFwvdXBsb2Fkc1wvMjAyNlwvMDFcLzAwMjdfYy1lbmZvbGEyMDE5LmpwZyIsInNsaWRlc2hvdyI6IjdjMmRlNmEifQ%3D%3D\" href='https:\/\/www.campingenfola.com\/wp-content\/uploads\/2026\/01\/0027_c-enfola2019.jpg'><img decoding=\"async\" width=\"768\" height=\"512\" src=\"https:\/\/www.campingenfola.com\/wp-content\/uploads\/2026\/01\/0027_c-enfola2019-768x512.jpg\" class=\"attachment-medium_large size-medium_large\" alt=\"Vista aerea del Camping Enfola affacciato sul mare con spiaggia, molo e costa rocciosa dell\u2019Isola d\u2019Elba\" aria-describedby=\"gallery-1-6895\" srcset=\"https:\/\/www.campingenfola.com\/wp-content\/uploads\/2026\/01\/0027_c-enfola2019-768x512.jpg 768w, https:\/\/www.campingenfola.com\/wp-content\/uploads\/2026\/01\/0027_c-enfola2019-300x200.jpg 300w, https:\/\/www.campingenfola.com\/wp-content\/uploads\/2026\/01\/0027_c-enfola2019-1024x682.jpg 1024w, https:\/\/www.campingenfola.com\/wp-content\/uploads\/2026\/01\/0027_c-enfola2019-1536x1023.jpg 1536w, https:\/\/www.campingenfola.com\/wp-content\/uploads\/2026\/01\/0027_c-enfola2019-600x400.jpg 600w, https:\/\/www.campingenfola.com\/wp-content\/uploads\/2026\/01\/0027_c-enfola2019.jpg 1920w\" sizes=\"(max-width: 768px) 100vw, 768px\" \/><\/a>\n\t\t\t<\/dt>\n\t\t\t\t<dd class='wp-caption-text gallery-caption' id='gallery-1-6895'>\n\t\t\t\tphoto by: Ducci Cesare Fotografia (www.duccifotografia.it)\n\t\t\t\t<\/dd><\/dl><dl class='gallery-item'>\n\t\t\t<dt class='gallery-icon landscape'>\n\t\t\t\t<a data-elementor-open-lightbox=\"yes\" data-elementor-lightbox-slideshow=\"7c2de6a\" data-elementor-lightbox-title=\"Tramonto sul mare\" data-e-action-hash=\"#elementor-action%3Aaction%3Dlightbox%26settings%3DeyJpZCI6Njk1OCwidXJsIjoiaHR0cHM6XC9cL3d3dy5jYW1waW5nZW5mb2xhLmNvbVwvd3AtY29udGVudFwvdXBsb2Fkc1wvMjAyNlwvMDJcL1AxMDAwMDYyLTJfYy1lbmZvbGEyMDE5LmpwZyIsInNsaWRlc2hvdyI6IjdjMmRlNmEifQ%3D%3D\" href='https:\/\/www.campingenfola.com\/wp-content\/uploads\/2026\/02\/P1000062-2_c-enfola2019.jpg'><img decoding=\"async\" width=\"768\" height=\"512\" src=\"https:\/\/www.campingenfola.com\/wp-content\/uploads\/2026\/02\/P1000062-2_c-enfola2019-768x512.jpg\" class=\"attachment-medium_large size-medium_large\" alt=\"Tramonto sul mare all\u2019Enfola con vegetazione mediterranea e luce dorata sull\u2019acqua\" srcset=\"https:\/\/www.campingenfola.com\/wp-content\/uploads\/2026\/02\/P1000062-2_c-enfola2019-768x512.jpg 768w, https:\/\/www.campingenfola.com\/wp-content\/uploads\/2026\/02\/P1000062-2_c-enfola2019-300x200.jpg 300w, https:\/\/www.campingenfola.com\/wp-content\/uploads\/2026\/02\/P1000062-2_c-enfola2019-1024x683.jpg 1024w, https:\/\/www.campingenfola.com\/wp-content\/uploads\/2026\/02\/P1000062-2_c-enfola2019-1536x1024.jpg 1536w, https:\/\/www.campingenfola.com\/wp-content\/uploads\/2026\/02\/P1000062-2_c-enfola2019-600x400.jpg 600w, https:\/\/www.campingenfola.com\/wp-content\/uploads\/2026\/02\/P1000062-2_c-enfola2019.jpg 1920w\" sizes=\"(max-width: 768px) 100vw, 768px\" \/><\/a>\n\t\t\t<\/dt><\/dl><br style=\"clear: both\" \/><dl class='gallery-item'>\n\t\t\t<dt class='gallery-icon portrait'>\n\t\t\t\t<a data-elementor-open-lightbox=\"yes\" data-elementor-lightbox-slideshow=\"7c2de6a\" data-elementor-lightbox-title=\"Barca a vela\" data-e-action-hash=\"#elementor-action%3Aaction%3Dlightbox%26settings%3DeyJpZCI6Njk1OSwidXJsIjoiaHR0cHM6XC9cL3d3dy5jYW1waW5nZW5mb2xhLmNvbVwvd3AtY29udGVudFwvdXBsb2Fkc1wvMjAyNlwvMDJcLzAwMTdfYy1lbmZvbGEyMDE5LmpwZyIsInNsaWRlc2hvdyI6IjdjMmRlNmEifQ%3D%3D\" href='https:\/\/www.campingenfola.com\/wp-content\/uploads\/2026\/02\/0017_c-enfola2019.jpg'><img loading=\"lazy\" decoding=\"async\" width=\"768\" height=\"1152\" src=\"https:\/\/www.campingenfola.com\/wp-content\/uploads\/2026\/02\/0017_c-enfola2019-768x1152.jpg\" class=\"attachment-medium_large size-medium_large\" alt=\"Barca a vela ancorata nelle acque calme della baia dell\u2019Enfola, Isola d\u2019Elba\" aria-describedby=\"gallery-1-6959\" srcset=\"https:\/\/www.campingenfola.com\/wp-content\/uploads\/2026\/02\/0017_c-enfola2019-768x1152.jpg 768w, https:\/\/www.campingenfola.com\/wp-content\/uploads\/2026\/02\/0017_c-enfola2019-200x300.jpg 200w, https:\/\/www.campingenfola.com\/wp-content\/uploads\/2026\/02\/0017_c-enfola2019-683x1024.jpg 683w, https:\/\/www.campingenfola.com\/wp-content\/uploads\/2026\/02\/0017_c-enfola2019-1024x1536.jpg 1024w, https:\/\/www.campingenfola.com\/wp-content\/uploads\/2026\/02\/0017_c-enfola2019-600x900.jpg 600w, https:\/\/www.campingenfola.com\/wp-content\/uploads\/2026\/02\/0017_c-enfola2019.jpg 1280w\" sizes=\"(max-width: 768px) 100vw, 768px\" \/><\/a>\n\t\t\t<\/dt>\n\t\t\t\t<dd class='wp-caption-text gallery-caption' id='gallery-1-6959'>\n\t\t\t\tphoto by: Ducci Cesare Fotografia (www.duccifotografia.it)\n\t\t\t\t<\/dd><\/dl><dl class='gallery-item'>\n\t\t\t<dt class='gallery-icon portrait'>\n\t\t\t\t<a data-elementor-open-lightbox=\"yes\" data-elementor-lightbox-slideshow=\"7c2de6a\" data-elementor-lightbox-title=\"Enfola\" data-e-action-hash=\"#elementor-action%3Aaction%3Dlightbox%26settings%3DeyJpZCI6Njk2MCwidXJsIjoiaHR0cHM6XC9cL3d3dy5jYW1waW5nZW5mb2xhLmNvbVwvd3AtY29udGVudFwvdXBsb2Fkc1wvMjAyNlwvMDJcL1AxMDAwMTkyX2MtZW5mb2xhMjAxOS5qcGciLCJzbGlkZXNob3ciOiI3YzJkZTZhIn0%3D\" href='https:\/\/www.campingenfola.com\/wp-content\/uploads\/2026\/02\/P1000192_c-enfola2019.jpg'><img loading=\"lazy\" decoding=\"async\" width=\"768\" height=\"1152\" src=\"https:\/\/www.campingenfola.com\/wp-content\/uploads\/2026\/02\/P1000192_c-enfola2019-768x1152.jpg\" class=\"attachment-medium_large size-medium_large\" alt=\"Scogliera dell\u2019Enfola con mare cristallino e barche a vela all\u2019ancora, Isola d\u2019Elba\" srcset=\"https:\/\/www.campingenfola.com\/wp-content\/uploads\/2026\/02\/P1000192_c-enfola2019-768x1152.jpg 768w, https:\/\/www.campingenfola.com\/wp-content\/uploads\/2026\/02\/P1000192_c-enfola2019-200x300.jpg 200w, https:\/\/www.campingenfola.com\/wp-content\/uploads\/2026\/02\/P1000192_c-enfola2019-683x1024.jpg 683w, https:\/\/www.campingenfola.com\/wp-content\/uploads\/2026\/02\/P1000192_c-enfola2019-1024x1536.jpg 1024w, https:\/\/www.campingenfola.com\/wp-content\/uploads\/2026\/02\/P1000192_c-enfola2019-600x900.jpg 600w, https:\/\/www.campingenfola.com\/wp-content\/uploads\/2026\/02\/P1000192_c-enfola2019.jpg 1280w\" sizes=\"(max-width: 768px) 100vw, 768px\" \/><\/a>\n\t\t\t<\/dt><\/dl><br style=\"clear: both\" \/>\n\t\t<\/div>\n\t\t<\/div>\n\t\t\t\t\t\t<\/div>\n\t\t\t\t\t<\/div>\n\t\t\t\t<\/div>\n\t\t<div class=\"elementor-element elementor-element-59db44e e-flex e-con-boxed e-con e-parent\" data-id=\"59db44e\" data-element_type=\"container\">\n\t\t\t\t\t<div class=\"e-con-inner\">\n\t\t\t\t<div class=\"elementor-element elementor-element-a02f637 elementor-widget elementor-widget-vedhak_elementor_heading\" data-id=\"a02f637\" data-element_type=\"widget\" data-widget_type=\"vedhak_elementor_heading.default\">\n\t\t\t\t<div class=\"elementor-widget-container\">\n\t\t\t\t\t\t\t\t<div class=\"ova-heading template1\">\n\n\t\t\t\t\n\t\t\t\t\n\t\t\t\t\t\n\t\t\t\t\t\t<h3 class=\"title\"><span class=\"title-bold\"><\/span><span class=\"title-normal\">Anreise zur Insel Elba<\/span><\/h3>\n\n\t\t\t\t\t\n\n\t\t\t\t\t\t\t\t\t\n\t\t\t\t\n\t\t\t\t\n\t\t\t\t\t\n\t\t\t\t\n\t\t\t<\/div>\n\n\t\t\t\t\t\t<\/div>\n\t\t\t\t<\/div>\n\t\t\t\t<div class=\"elementor-element elementor-element-04fc077 elementor-widget elementor-widget-text-editor\" data-id=\"04fc077\" data-element_type=\"widget\" data-widget_type=\"text-editor.default\">\n\t\t\t\t\t\t\t\t\t<p>Die Insel Elba ist leicht mit dem Auto erreichbar, mit Ankunft im Hafen von Piombino, oder mit dem Zug bis zum Bahnhof Piombino Marittima.<br \/>Wer lieber fliegt, kann am Flughafen Marina di Campo landen, der Direktverbindungen zu einigen italienischen und europ\u00e4ischen St\u00e4dten bietet.<\/p><p>Die Verbindungen zum Festland werden durch F\u00e4hren gew\u00e4hrleistet, die auch Autos und Motorr\u00e4der transportieren, sowie durch Tragfl\u00fcgelboote, die nur f\u00fcr Passagiere bestimmt sind. Die \u00dcberfahrt dauert etwa eine Stunde mit der F\u00e4hre oder etwa 30 Minuten mit dem Tragfl\u00fcgelboot.<\/p>\t\t\t\t\t\t\t\t<\/div>\n\t\t\t\t<div class=\"elementor-element elementor-element-ae9ddd8 elementor-position-left elementor-position-left elementor-vertical-align-middle elementor-vertical-align-middle elementor-widget elementor-widget-image-box\" data-id=\"ae9ddd8\" data-element_type=\"widget\" data-widget_type=\"image-box.default\">\n\t\t\t\t\t<div class=\"elementor-image-box-wrapper\"><figure class=\"elementor-image-box-img\"><a href=\"\/traghetto\/\" tabindex=\"-1\"><img loading=\"lazy\" decoding=\"async\" width=\"500\" height=\"500\" src=\"https:\/\/www.campingenfola.com\/wp-content\/uploads\/2026\/02\/traghetto.png\" class=\"attachment-full size-full wp-image-6961\" alt=\"\" srcset=\"https:\/\/www.campingenfola.com\/wp-content\/uploads\/2026\/02\/traghetto.png 500w, https:\/\/www.campingenfola.com\/wp-content\/uploads\/2026\/02\/traghetto-300x300.png 300w, https:\/\/www.campingenfola.com\/wp-content\/uploads\/2026\/02\/traghetto-150x150.png 150w, https:\/\/www.campingenfola.com\/wp-content\/uploads\/2026\/02\/traghetto-100x100.png 100w\" sizes=\"(max-width: 500px) 100vw, 500px\" \/><\/a><\/figure><div class=\"elementor-image-box-content\"><h3 class=\"elementor-image-box-title\"><a href=\"\/traghetto\/\">Angebote<\/a><\/h3><p class=\"elementor-image-box-description\">Der Campingplatz beteiligt sich au\u00dferdem an einer speziellen Vereinbarung f\u00fcr den Kauf von F\u00e4hrtickets.<\/p><\/div><\/div>\t\t\t\t<\/div>\n\t\t\t\t\t<\/div>\n\t\t\t\t<\/div>\n\t\t<div class=\"elementor-element elementor-element-eec47bc e-flex e-con-boxed e-con e-parent\" data-id=\"eec47bc\" data-element_type=\"container\">\n\t\t\t\t\t<div class=\"e-con-inner\">\n\t\t\t\t<div class=\"elementor-element elementor-element-1979cc5 elementor-widget elementor-widget-vedhak_elementor_heading\" data-id=\"1979cc5\" data-element_type=\"widget\" data-widget_type=\"vedhak_elementor_heading.default\">\n\t\t\t\t<div class=\"elementor-widget-container\">\n\t\t\t\t\t\t\t\t<div class=\"ova-heading template1\">\n\n\t\t\t\t\n\t\t\t\t\n\t\t\t\t\t\n\t\t\t\t\t\t<h3 class=\"title\"><span class=\"title-bold\"><\/span><span class=\"title-normal\">Anfahrt zum Camping Enfola<\/span><\/h3>\n\n\t\t\t\t\t\n\n\t\t\t\t\t\t\t\t\t\n\t\t\t\t\n\t\t\t\t\n\t\t\t\t\t\n\t\t\t\t\n\t\t\t<\/div>\n\n\t\t\t\t\t\t<\/div>\n\t\t\t\t<\/div>\n\t\t\t\t<div class=\"elementor-element elementor-element-8b0b033 elementor-widget elementor-widget-text-editor\" data-id=\"8b0b033\" data-element_type=\"widget\" data-widget_type=\"text-editor.default\">\n\t\t\t\t\t\t\t\t\t<p>Den Camping Enfola zu erreichen ist einfach. Vom Hafen Portoferraio folgen Sie den Schildern \u201eTutte le direzioni\u201c und biegen am zweiten Kreisverkehr rechts in Richtung \u201eEnfola\u201c ab. Nach etwa 4 km befindet sich der Eingang des Campingplatzes direkt an der Stra\u00dfe.<\/p><p>Der Campingplatz ist auch mit dem Bus der Linie Portoferraio \u2013 Viticcio erreichbar: die n\u00e4chstgelegene Haltestelle ist etwa 800 Meter entfernt.<\/p><p>In der Nebensaison verkehrt der Bus nur am Morgen.<br \/>Im Sommer, ungef\u00e4hr von Mitte Juni bis Mitte September, fahren die Busse h\u00e4ufiger, etwa jede Stunde bis ungef\u00e4hr 21:00 Uhr.<\/p>\t\t\t\t\t\t\t\t<\/div>\n\t\t\t\t<div class=\"elementor-element elementor-element-01318b6 elementor-widget elementor-widget-vedhak_elementor_icon_box\" data-id=\"01318b6\" data-element_type=\"widget\" data-widget_type=\"vedhak_elementor_icon_box.default\">\n\t\t\t\t<div class=\"elementor-widget-container\">\n\t\t\t\t\t\n\t\t<div class=\"ova-icon-box template1\"> \n\n\t\t\t\t\t\t\t<a class=\"iconbox\" href=\"http:\/\/google.com\/maps?um=1&#038;ie=UTF-8&#038;fb=1&#038;gl=it&#038;sa=X&#038;geocode=KZ1xGNUtNtYSMbanyj_-8Gh_&#038;daddr=Localit%C3%A0+Enfola,+91,+57037+Portoferraio+LI\" target=\"_blank\" >\n\t\t\t\t\n\n\t\t\t\t\t\t\t\t\t<span class=\"icon\">\n\t\t\t\t\t\t<i class=\"ovaicon ovaicon-pin\"><\/i>\n\t\t\t\t\t<\/span>\n\t\t\t\t\t\t\t\t\n\t\t\t\t<div class=\"content\">\n\t\t\t\t\t\t\t\t\t\t\t<h3 class=\"title\">\n\t\t\t\t\t\t\tGPS-Position\t\t\t\t\t\t<\/h3>\n\t                \n\t                \t\t\t\t\t\t<p class=\"description\">\n\t\t\t\t\t\t\tN 42,8243042 E 10,2704278\t\t\t\t\t\t<\/p>\n\t\t\t\t\t\t\t\t\t<\/div>\n\t\t\t\t\n\t\t\t\t\n\t\t\t\t\n\n\t\t\t\t\t\t\t<\/a> \n\t\t\t\t\n\n\t\t<\/div>\n\n\t\t\t\t\t\t<\/div>\n\t\t\t\t<\/div>\n\t\t\t\t\t<\/div>\n\t\t\t\t<\/div>\n\t\t<div class=\"elementor-element elementor-element-168a8bb e-con-full e-flex e-con e-parent\" data-id=\"168a8bb\" data-element_type=\"container\">\n\t\t\t\t<div class=\"elementor-element elementor-element-e200897 elementor-widget elementor-widget-shortcode\" data-id=\"e200897\" data-element_type=\"widget\" data-widget_type=\"shortcode.default\">\n\t\t\t\t\t\t\t<div class=\"elementor-shortcode\"><div class=\"leaflet-map WPLeafletMap\" style=\"height:600px; width:100%;\"><\/div><script>\nwindow.WPLeafletMapPlugin = window.WPLeafletMapPlugin || [];\nwindow.WPLeafletMapPlugin.push(function WPLeafletMapShortcode() {\/*<script>*\/\nvar baseUrl = atob('aHR0cHM6Ly90aWxlLm9wZW5zdHJlZXRtYXAub3JnL3t6fS97eH0ve3l9LnBuZw==');\nvar base = (!baseUrl && window.MQ) ?\n    window.MQ.mapLayer() : L.tileLayer(baseUrl,\n        L.Util.extend({}, {\n            detectRetina: 0,\n        },\n        {\"subdomains\":\"abc\",\"noWrap\":false,\"maxZoom\":19}        )\n    );\n    var options = L.Util.extend({}, {\n        layers: [base],\n        attributionControl: false\n    },\n    {\"zoomControl\":false,\"scrollWheelZoom\":false,\"doubleClickZoom\":false,\"fitBounds\":false,\"minZoom\":0,\"maxZoom\":19,\"maxBounds\":null,\"attribution\":\"<a href=\\\"http:\\\/\\\/leafletjs.com\\\" title=\\\"A JS library for interactive maps\\\">Leaflet<\\\/a>; \\u00a9 <a href=\\\"http:\\\/\\\/www.openstreetmap.org\\\/copyright\\\">OpenStreetMap<\\\/a> contributors\"},\n    {});\nwindow.WPLeafletMapPlugin.createMap(options).setView([42.824371305577,10.270520227367],14);});<\/script>\n\n<script>\nwindow.WPLeafletMapPlugin = window.WPLeafletMapPlugin || [];\nwindow.WPLeafletMapPlugin.push(function WPLeafletMarkerShortcode() {\/*<script>*\/\nvar map = window.WPLeafletMapPlugin.getCurrentMap();\nvar group = window.WPLeafletMapPlugin.getCurrentGroup();\nvar marker_options = window.WPLeafletMapPlugin.getIconOptions({});\nvar marker = L.marker(\n    [0,0],\n    marker_options\n);\nvar is_image = map.is_image_map;\n    marker.setLatLng( map.getCenter() );\nif (marker_options.draggable) {\n    marker.on('dragend', function () {\n        var latlng = this.getLatLng();\n        var lat = latlng.lat;\n        var lng = latlng.lng;\n        if (is_image) {\n            console.log('leaflet-marker y=' + lat + ' x=' + lng);\n        } else {\n            console.log('leaflet-marker lat=' + lat + ' lng=' + lng);\n        }\n    });\n}\nmarker.addTo( group );\nwindow.WPLeafletMapPlugin.markers.push( marker );\n        });<\/script><\/div>\n\t\t\t\t\t\t<\/div>\n\t\t\t\t<\/div>\n\t\t\t\t<\/div>\n\t\t","protected":false},"excerpt":{"rendered":"<p>\u00dcber uns Lage 6 km von Portoferraio entfernt, der Hauptstadt der Insel Elba und dem wichtigsten F\u00e4hrhafen, liegt Camping Enfola mit 50 charmanten Stellpl\u00e4tzen, eingebettet ins Gr\u00fcn und sanft zum Meer hin abfallend. Die Lage ist strategisch: im Zentrum der Insel und nur 5 Minuten von allen wichtigen Dienstleistungen entfernt (Hafen, Krankenhaus, Superm\u00e4rkte, Banken, Apotheken [&hellip;]<\/p>\n","protected":false},"author":2,"featured_media":0,"parent":0,"menu_order":0,"comment_status":"closed","ping_status":"closed","template":"elementor_header_footer","meta":{"footnotes":""},"class_list":["post-6434","page","type-page","status-publish","hentry"],"_links":{"self":[{"href":"https:\/\/www.campingenfola.com\/de\/wp-json\/wp\/v2\/pages\/6434","targetHints":{"allow":["GET"]}}],"collection":[{"href":"https:\/\/www.campingenfola.com\/de\/wp-json\/wp\/v2\/pages"}],"about":[{"href":"https:\/\/www.campingenfola.com\/de\/wp-json\/wp\/v2\/types\/page"}],"author":[{"embeddable":true,"href":"https:\/\/www.campingenfola.com\/de\/wp-json\/wp\/v2\/users\/2"}],"replies":[{"embeddable":true,"href":"https:\/\/www.campingenfola.com\/de\/wp-json\/wp\/v2\/comments?post=6434"}],"version-history":[{"count":5,"href":"https:\/\/www.campingenfola.com\/de\/wp-json\/wp\/v2\/pages\/6434\/revisions"}],"predecessor-version":[{"id":8486,"href":"https:\/\/www.campingenfola.com\/de\/wp-json\/wp\/v2\/pages\/6434\/revisions\/8486"}],"wp:attachment":[{"href":"https:\/\/www.campingenfola.com\/de\/wp-json\/wp\/v2\/media?parent=6434"}],"curies":[{"name":"wp","href":"https:\/\/api.w.org\/{rel}","templated":true}]}}