{"id":6429,"date":"2026-02-03T11:31:42","date_gmt":"2026-02-03T10:31:42","guid":{"rendered":"http:\/\/campingenfola.youelba.com\/condizioni-generali\/"},"modified":"2026-03-12T14:46:30","modified_gmt":"2026-03-12T13:46:30","slug":"allgemeine-bedingungen","status":"publish","type":"page","link":"https:\/\/www.campingenfola.com\/de\/allgemeine-bedingungen\/","title":{"rendered":"Allgemeine Bedingungen"},"content":{"rendered":"\t\t<div data-elementor-type=\"wp-page\" data-elementor-id=\"6429\" class=\"elementor elementor-6429 elementor-4771\">\n\t\t\t\t<div class=\"elementor-element elementor-element-19d1e79 e-flex e-con-boxed e-con e-parent\" data-id=\"19d1e79\" data-element_type=\"container\">\n\t\t\t\t\t<div class=\"e-con-inner\">\n\t\t\t\t<div class=\"elementor-element elementor-element-bf6a419 elementor-widget elementor-widget-vedhak_elementor_heading\" data-id=\"bf6a419\" data-element_type=\"widget\" data-widget_type=\"vedhak_elementor_heading.default\">\n\t\t\t\t<div class=\"elementor-widget-container\">\n\t\t\t\t\t\t\t\t<div class=\"ova-heading template1\">\n\n\t\t\t\t\n\t\t\t\t\t<h2 class=\"sub-title\">\n\n\t\t\t\t\t\t \n\t\t\t\t\t\t\t\t\t\t\t\t\t<span class=\"line-decoration\"><\/span>\n\t\t\t\t\t\t\n\t\t\t\t\t\tAllgemeine Bedingungen\n\t\t\t\t\t<\/h2>\n\n\t\t\t\t\n\t\t\t\t\n\t\t\t\t\t\n\t\t\t\t\t\t<h3 class=\"title\"><span class=\"title-bold\">Camping Enfola<\/span><span class=\"title-normal\"><\/span><\/h3>\n\n\t\t\t\t\t\n\n\t\t\t\t\t\t\t\t\t\n\t\t\t\t\n\t\t\t\t\n\t\t\t\t\t\n\t\t\t\t\n\t\t\t<\/div>\n\n\t\t\t\t\t\t<\/div>\n\t\t\t\t<\/div>\n\t\t\t\t<div class=\"elementor-element elementor-element-0878a0f elementor-widget elementor-widget-text-editor\" data-id=\"0878a0f\" data-element_type=\"widget\" data-widget_type=\"text-editor.default\">\n\t\t\t\t\t\t\t\t\t<h5>Camping Enfola<br \/>Localit\u00e0 Enfola \u2013 57037 Portoferraio (LI) Italien<br \/>Tel. +39 0565 939001 \u2013 Mobil +39 347 2243957 \u2013 info@campingenfola.com<\/h5>\t\t\t\t\t\t\t\t<\/div>\n\t\t\t\t<div class=\"elementor-element elementor-element-5f33181 elementor-widget elementor-widget-text-editor\" data-id=\"5f33181\" data-element_type=\"widget\" data-widget_type=\"text-editor.default\">\n\t\t\t\t\t\t\t\t\t<h3>Buchungsmodalit\u00e4ten<\/h3><p>Buchungsanfragen m\u00fcssen per E-Mail eingehen.<\/p><p>Die Annahme der Buchungen erfolgt vorbehaltlich der Verf\u00fcgbarkeit.<\/p><p>Die Buchung gilt erst als best\u00e4tigt, wenn der Kunde das Buchungsformular unterschreibt und eine schriftliche Best\u00e4tigung der Verf\u00fcgbarkeit von Camping Enfola erh\u00e4lt.<\/p><p>Innerhalb von 10 Tagen nach dem Datum des Best\u00e4tigungsschreibens muss eine Anzahlung geleistet werden in H\u00f6he von:<\/p><ul><li>\u20ac 100,00 f\u00fcr Stellpl\u00e4tze f\u00fcr Wohnmobil, Wohnwagen oder Zelt.<\/li><li>30 % des Gesamtbetrags des gesamten Aufenthalts f\u00fcr die Miete von Bungalows\/Chalets<\/li><li>\u20ac 20,00 nicht erstattbare Buchungsgeb\u00fchr<\/li><\/ul><p><strong>Die Anzahlung muss per Bank\u00fcberweisung erfolgen<\/strong>.<\/p><h3>Versp\u00e4tete Ankunft und vorzeitige Abreise<\/h3><p>Der gesamte gebuchte und best\u00e4tigte Zeitraum wird vollst\u00e4ndig berechnet und muss auch bei versp\u00e4teter Ankunft oder vorzeitiger Abreise bezahlt werden.<\/p><p>Bei nicht ausdr\u00fccklich mitgeteilter versp\u00e4teter Ankunft bleiben Wohnwagen und Stellpl\u00e4tze bis 24:00 Uhr des vorgesehenen Anreisetages verf\u00fcgbar.<\/p><h3>Stornierung der Buchung<\/h3><p>Im Falle einer Stornierung des Aufenthalts wird ein Betrag in H\u00f6he von 50 % der Anzahlung zur\u00fcckerstattet, sofern die entsprechende schriftliche Mitteilung mindestens 45 Tage vor dem vorgesehenen Anreisedatum beim Camping Enfola eingeht.<\/p><p>Die Buchungsgeb\u00fchren werden in jedem Fall abgezogen. Nach Ablauf dieser Frist erfolgt keine R\u00fcckerstattung.<\/p>\t\t\t\t\t\t\t\t<\/div>\n\t\t\t\t<div class=\"elementor-element elementor-element-a1b694e elementor-view-default elementor-position-block-start elementor-mobile-position-block-start elementor-widget elementor-widget-icon-box\" data-id=\"a1b694e\" data-element_type=\"widget\" data-widget_type=\"icon-box.default\">\n\t\t\t\t\t\t\t<div class=\"elementor-icon-box-wrapper\">\n\n\t\t\t\t\t\t<div class=\"elementor-icon-box-icon\">\n\t\t\t\t<span  class=\"elementor-icon\">\n\t\t\t\t<i aria-hidden=\"true\" class=\"ovaicon ovaicon-alarm-clock\"><\/i>\t\t\t\t<\/span>\n\t\t\t<\/div>\n\t\t\t\n\t\t\t\t\t\t<div class=\"elementor-icon-box-content\">\n\n\t\t\t\t\t\t\t\t\t<h3 class=\"elementor-icon-box-title\">\n\t\t\t\t\t\t<span  >\n\t\t\t\t\t\t\tCheck-in \/ Check-out\t\t\t\t\t\t<\/span>\n\t\t\t\t\t<\/h3>\n\t\t\t\t\n\t\t\t\t\t\t\t\t\t<p class=\"elementor-icon-box-description\">\n\t\t\t\t\t\t<h5>Stellpl\u00e4tze<\/h5>\nCheck-In von 11:00 bis 20:00 Uhr \/ \nCheck-Out bis 10:30 Uhr\n\n<h5>Bungalows und Chalets<\/h5>\nCheck-In von 12:00 bis 20:00 Uhr \/ \nCheck-Out bis 10:00 Uhr<br \/><br \/>\n\nF\u00fcr Ank\u00fcnfte und Abreisen au\u00dferhalb dieser Zeiten wenden Sie sich bitte an die Rezeption.\t\t\t\t\t<\/p>\n\t\t\t\t\n\t\t\t<\/div>\n\t\t\t\n\t\t<\/div>\n\t\t\t\t\t\t<\/div>\n\t\t\t\t\t<\/div>\n\t\t\t\t<\/div>\n\t\t\t\t<\/div>\n\t\t","protected":false},"excerpt":{"rendered":"<p>Allgemeine Bedingungen Camping Enfola Camping EnfolaLocalit\u00e0 Enfola \u2013 57037 Portoferraio (LI) ItalienTel. +39 0565 939001 \u2013 Mobil +39 347 2243957 \u2013 info@campingenfola.com Buchungsmodalit\u00e4ten Buchungsanfragen m\u00fcssen per E-Mail eingehen. Die Annahme der Buchungen erfolgt vorbehaltlich der Verf\u00fcgbarkeit. Die Buchung gilt erst als best\u00e4tigt, wenn der Kunde das Buchungsformular unterschreibt und eine schriftliche Best\u00e4tigung der Verf\u00fcgbarkeit von [&hellip;]<\/p>\n","protected":false},"author":2,"featured_media":0,"parent":0,"menu_order":0,"comment_status":"closed","ping_status":"closed","template":"elementor_header_footer","meta":{"footnotes":""},"class_list":["post-6429","page","type-page","status-publish","hentry"],"_links":{"self":[{"href":"https:\/\/www.campingenfola.com\/de\/wp-json\/wp\/v2\/pages\/6429","targetHints":{"allow":["GET"]}}],"collection":[{"href":"https:\/\/www.campingenfola.com\/de\/wp-json\/wp\/v2\/pages"}],"about":[{"href":"https:\/\/www.campingenfola.com\/de\/wp-json\/wp\/v2\/types\/page"}],"author":[{"embeddable":true,"href":"https:\/\/www.campingenfola.com\/de\/wp-json\/wp\/v2\/users\/2"}],"replies":[{"embeddable":true,"href":"https:\/\/www.campingenfola.com\/de\/wp-json\/wp\/v2\/comments?post=6429"}],"version-history":[{"count":5,"href":"https:\/\/www.campingenfola.com\/de\/wp-json\/wp\/v2\/pages\/6429\/revisions"}],"predecessor-version":[{"id":8180,"href":"https:\/\/www.campingenfola.com\/de\/wp-json\/wp\/v2\/pages\/6429\/revisions\/8180"}],"wp:attachment":[{"href":"https:\/\/www.campingenfola.com\/de\/wp-json\/wp\/v2\/media?parent=6429"}],"curies":[{"name":"wp","href":"https:\/\/api.w.org\/{rel}","templated":true}]}}