{"id":6419,"date":"2026-01-29T14:43:06","date_gmt":"2026-01-29T13:43:06","guid":{"rendered":"http:\/\/campingenfola.youelba.com\/chi-siamo\/"},"modified":"2026-03-12T10:41:57","modified_gmt":"2026-03-12T09:41:57","slug":"uber-uns","status":"publish","type":"page","link":"https:\/\/www.campingenfola.com\/de\/uber-uns\/","title":{"rendered":"\u00dcber uns"},"content":{"rendered":"\t\t<div data-elementor-type=\"wp-page\" data-elementor-id=\"6419\" class=\"elementor elementor-6419 elementor-4183\">\n\t\t\t\t\t\t<section class=\"elementor-section elementor-top-section elementor-element elementor-element-f778405 elementor-section-content-middle elementor-reverse-mobile elementor-reverse-tablet elementor-section-boxed elementor-section-height-default elementor-section-height-default\" data-id=\"f778405\" data-element_type=\"section\">\n\t\t\t\t\t\t<div class=\"elementor-container elementor-column-gap-no\">\n\t\t\t\t\t<div class=\"elementor-column elementor-col-50 elementor-top-column elementor-element elementor-element-3e91e69\" data-id=\"3e91e69\" data-element_type=\"column\">\n\t\t\t<div class=\"elementor-widget-wrap elementor-element-populated\">\n\t\t\t\t\t\t<div class=\"elementor-element elementor-element-c1e76b9 elementor-widget elementor-widget-image-carousel\" data-id=\"c1e76b9\" data-element_type=\"widget\" data-settings=\"{&quot;slides_to_show&quot;:&quot;1&quot;,&quot;navigation&quot;:&quot;none&quot;,&quot;autoplay&quot;:&quot;yes&quot;,&quot;pause_on_hover&quot;:&quot;yes&quot;,&quot;pause_on_interaction&quot;:&quot;yes&quot;,&quot;autoplay_speed&quot;:5000,&quot;infinite&quot;:&quot;yes&quot;,&quot;effect&quot;:&quot;slide&quot;,&quot;speed&quot;:500}\" data-widget_type=\"image-carousel.default\">\n\t\t\t\t\t\t\t<div class=\"elementor-image-carousel-wrapper swiper\" role=\"region\" aria-roledescription=\"carousel\" aria-label=\"Carosello d&#039;immagini\" dir=\"ltr\">\n\t\t\t<div class=\"elementor-image-carousel swiper-wrapper\" aria-live=\"off\">\n\t\t\t\t\t\t\t\t<div class=\"swiper-slide\" role=\"group\" aria-roledescription=\"slide\" aria-label=\"1 von 3\"><figure class=\"swiper-slide-inner\"><img decoding=\"async\" class=\"swiper-slide-image\" src=\"https:\/\/www.campingenfola.com\/wp-content\/uploads\/2026\/01\/foto-enfola-storica.jpg\" alt=\"Foto storica del promontorio dell\u2019Enfola all\u2019Isola d\u2019Elba\" \/><\/figure><\/div><div class=\"swiper-slide\" role=\"group\" aria-roledescription=\"slide\" aria-label=\"2 von 3\"><figure class=\"swiper-slide-inner\"><img decoding=\"async\" class=\"swiper-slide-image\" src=\"https:\/\/www.campingenfola.com\/wp-content\/uploads\/2026\/02\/depliant-c-enfola.jpg\" alt=\"Cartolina storica dell\u2019Enfola con vedute della baia e del promontorio\" \/><\/figure><\/div><div class=\"swiper-slide\" role=\"group\" aria-roledescription=\"slide\" aria-label=\"3 von 3\"><figure class=\"swiper-slide-inner\"><img decoding=\"async\" class=\"swiper-slide-image\" src=\"https:\/\/www.campingenfola.com\/wp-content\/uploads\/2026\/02\/locandina-l-avventuriero-1967-1.jpg\" alt=\"Locandina del film L\u2019Avventuriero con Anthony Quinn e Rosanna Schiaffino, regia di Terence Young (1967)\" \/><\/figure><\/div>\t\t\t<\/div>\n\t\t\t\t\t\t\t\n\t\t\t\t\t\t\t\t\t<\/div>\n\t\t\t\t\t\t<\/div>\n\t\t\t\t\t<\/div>\n\t\t<\/div>\n\t\t\t\t<div class=\"elementor-column elementor-col-50 elementor-top-column elementor-element elementor-element-d6f3550\" data-id=\"d6f3550\" data-element_type=\"column\" data-settings=\"{&quot;background_background&quot;:&quot;classic&quot;}\">\n\t\t\t<div class=\"elementor-widget-wrap elementor-element-populated\">\n\t\t\t\t\t\t<div class=\"elementor-element elementor-element-34e2ed9 elementor-widget elementor-widget-vedhak_elementor_heading\" data-id=\"34e2ed9\" data-element_type=\"widget\" data-widget_type=\"vedhak_elementor_heading.default\">\n\t\t\t\t<div class=\"elementor-widget-container\">\n\t\t\t\t\t\t\t\t<div class=\"ova-heading template1\">\n\n\t\t\t\t\n\t\t\t\t\t<h2 class=\"sub-title\">\n\n\t\t\t\t\t\t \n\t\t\t\t\t\t\t\t\t\t\t\t\t<span class=\"line-decoration\"><\/span>\n\t\t\t\t\t\t\n\t\t\t\t\t\t\u00dcber uns\n\t\t\t\t\t<\/h2>\n\n\t\t\t\t\n\t\t\t\t\n\t\t\t\t\t\n\t\t\t\t\t\t<h3 class=\"title\"><span class=\"title-bold\">Camping Enfola<\/span><span class=\"title-normal\"><\/span><\/h3>\n\n\t\t\t\t\t\n\n\t\t\t\t\t\t\t\t\t\n\t\t\t\t\n\t\t\t\t\n\t\t\t\t\t\n\t\t\t\t\n\t\t\t<\/div>\n\n\t\t\t\t\t\t<\/div>\n\t\t\t\t<\/div>\n\t\t\t\t<div class=\"elementor-element elementor-element-a8a98da elementor-widget elementor-widget-text-editor\" data-id=\"a8a98da\" data-element_type=\"widget\" data-widget_type=\"text-editor.default\">\n\t\t\t\t\t\t\t\t\t<p>Camping Enfola entstand im Jahr 1967, als einige Terrassen eines alten, zum Meer hin ausgerichteten Weinbergs in Stellpl\u00e4tze direkt \u00fcber dem Wasser verwandelt wurden.<\/p><p>Diese Terrassen sind noch heute das Herz des Campingplatzes, ein besonderer Ort, von dem aus man das klare Wasser und spektakul\u00e4re Sonnenunterg\u00e4nge \u00fcber der Insel Elba bewundern kann.<\/p>\t\t\t\t\t\t\t\t<\/div>\n\t\t\t\t\t<\/div>\n\t\t<\/div>\n\t\t\t\t\t<\/div>\n\t\t<\/section>\n\t\t<div class=\"elementor-element elementor-element-ba882e8 e-flex e-con-boxed e-con e-parent\" data-id=\"ba882e8\" data-element_type=\"container\">\n\t\t\t\t\t<div class=\"e-con-inner\">\n\t\t\t\t<div class=\"elementor-element elementor-element-cad2375 elementor-widget elementor-widget-vedhak_elementor_heading\" data-id=\"cad2375\" data-element_type=\"widget\" data-widget_type=\"vedhak_elementor_heading.default\">\n\t\t\t\t<div class=\"elementor-widget-container\">\n\t\t\t\t\t\t\t\t<div class=\"ova-heading template1\">\n\n\t\t\t\t\n\t\t\t\t\n\t\t\t\t\t\n\t\t\t\t\t\t<h3 class=\"title\"><span class=\"title-bold\"><\/span><span class=\"title-normal\">Ein zeitloser Ort<\/span><\/h3>\n\n\t\t\t\t\t\n\n\t\t\t\t\t\t\t\t\t\n\t\t\t\t\n\t\t\t\t\n\t\t\t\t\t\n\t\t\t\t\n\t\t\t<\/div>\n\n\t\t\t\t\t\t<\/div>\n\t\t\t\t<\/div>\n\t\t\t\t<div class=\"elementor-element elementor-element-45f30d6 elementor-widget elementor-widget-text-editor\" data-id=\"45f30d6\" data-element_type=\"widget\" data-widget_type=\"text-editor.default\">\n\t\t\t\t\t\t\t\t\t<p>Wir blicken auf die historische Tonnara von Enfola, ein Zeugnis der engen Verbindung mit dem Meer und Drehort des Films Der Abenteurer im Jahr 1967.<\/p><p>Ein Ort voller Erinnerung, an dem sich Geschichte und Landschaft auf nat\u00fcrliche Weise verbinden.<\/p><p>Eingebettet im Nationalpark Toskanischer Archipel, am Fu\u00df des Capo d\u2019Enfola, ist der Campingplatz von Panoramawegen durch mediterrane Macchia und einheimische Pflanzen umgeben \u2013 ideal f\u00fcr Trekking und Spazierg\u00e4nge am Meer. Ein authentischer Ort, an dem Natur, Bewegung und Stille zum Alltag geh\u00f6ren.<\/p>\t\t\t\t\t\t\t\t<\/div>\n\t\t\t\t<div class=\"elementor-element elementor-element-2978066 elementor-widget elementor-widget-image-gallery\" data-id=\"2978066\" data-element_type=\"widget\" data-widget_type=\"image-gallery.default\">\n\t\t\t\t\t\t\t<div class=\"elementor-image-gallery\">\n\t\t\t\n\t\t<style type=\"text\/css\">\n\t\t\t#gallery-1 {\n\t\t\t\tmargin: auto;\n\t\t\t}\n\t\t\t#gallery-1 .gallery-item {\n\t\t\t\tfloat: left;\n\t\t\t\tmargin-top: 10px;\n\t\t\t\ttext-align: center;\n\t\t\t\twidth: 50%;\n\t\t\t}\n\t\t\t#gallery-1 img {\n\t\t\t\tborder: 2px solid #cfcfcf;\n\t\t\t}\n\t\t\t#gallery-1 .gallery-caption {\n\t\t\t\tmargin-left: 0;\n\t\t\t}\n\t\t\t\/* see gallery_shortcode() in wp-includes\/media.php *\/\n\t\t<\/style>\n\t\t<div id='gallery-1' class='gallery galleryid-6419 gallery-columns-2 gallery-size-large'><dl class='gallery-item'>\n\t\t\t<dt class='gallery-icon landscape'>\n\t\t\t\t<a data-elementor-open-lightbox=\"yes\" data-elementor-lightbox-slideshow=\"2978066\" data-elementor-lightbox-title=\"Pescatori della Tonnara dell\u2019Enfola, fine anni \u201930\" data-e-action-hash=\"#elementor-action%3Aaction%3Dlightbox%26settings%3DeyJpZCI6NjkyOSwidXJsIjoiaHR0cHM6XC9cL3d3dy5jYW1waW5nZW5mb2xhLmNvbVwvd3AtY29udGVudFwvdXBsb2Fkc1wvMjAyNlwvMDJcL3Blc2NhLXRvbm5vLWVuZm9sYS1maW5lLWFubmktMzAuanBnIiwic2xpZGVzaG93IjoiMjk3ODA2NiJ9\" href='https:\/\/www.campingenfola.com\/wp-content\/uploads\/2026\/02\/pesca-tonno-enfola-fine-anni-30.jpg'><img fetchpriority=\"high\" decoding=\"async\" width=\"800\" height=\"563\" src=\"https:\/\/www.campingenfola.com\/wp-content\/uploads\/2026\/02\/pesca-tonno-enfola-fine-anni-30-1024x721.jpg\" class=\"attachment-large size-large\" alt=\"Pescatori della Tonnara dell\u2019Enfola, fine anni \u201930\" srcset=\"https:\/\/www.campingenfola.com\/wp-content\/uploads\/2026\/02\/pesca-tonno-enfola-fine-anni-30-1024x721.jpg 1024w, https:\/\/www.campingenfola.com\/wp-content\/uploads\/2026\/02\/pesca-tonno-enfola-fine-anni-30-300x211.jpg 300w, https:\/\/www.campingenfola.com\/wp-content\/uploads\/2026\/02\/pesca-tonno-enfola-fine-anni-30-768x540.jpg 768w, https:\/\/www.campingenfola.com\/wp-content\/uploads\/2026\/02\/pesca-tonno-enfola-fine-anni-30-1536x1081.jpg 1536w, https:\/\/www.campingenfola.com\/wp-content\/uploads\/2026\/02\/pesca-tonno-enfola-fine-anni-30-600x422.jpg 600w, https:\/\/www.campingenfola.com\/wp-content\/uploads\/2026\/02\/pesca-tonno-enfola-fine-anni-30.jpg 1819w\" sizes=\"(max-width: 800px) 100vw, 800px\" \/><\/a>\n\t\t\t<\/dt><\/dl><dl class='gallery-item'>\n\t\t\t<dt class='gallery-icon landscape'>\n\t\t\t\t<a data-elementor-open-lightbox=\"yes\" data-elementor-lightbox-slideshow=\"2978066\" data-elementor-lightbox-title=\"Pesca del tonno alla Tonnara dell\u2019Enfola, 1927\" data-e-action-hash=\"#elementor-action%3Aaction%3Dlightbox%26settings%3DeyJpZCI6NjkzMCwidXJsIjoiaHR0cHM6XC9cL3d3dy5jYW1waW5nZW5mb2xhLmNvbVwvd3AtY29udGVudFwvdXBsb2Fkc1wvMjAyNlwvMDJcL3Blc2NhLXRvbm5vLWVuZm9sYS0xOTI3LmpwZyIsInNsaWRlc2hvdyI6IjI5NzgwNjYifQ%3D%3D\" href='https:\/\/www.campingenfola.com\/wp-content\/uploads\/2026\/02\/pesca-tonno-enfola-1927.jpg'><img decoding=\"async\" width=\"800\" height=\"563\" src=\"https:\/\/www.campingenfola.com\/wp-content\/uploads\/2026\/02\/pesca-tonno-enfola-1927-1024x721.jpg\" class=\"attachment-large size-large\" alt=\"Antica pesca del tonno alla Tonnara dell\u2019Enfola nel 1927, con pescatori impegnati nella mattanza\" srcset=\"https:\/\/www.campingenfola.com\/wp-content\/uploads\/2026\/02\/pesca-tonno-enfola-1927-1024x721.jpg 1024w, https:\/\/www.campingenfola.com\/wp-content\/uploads\/2026\/02\/pesca-tonno-enfola-1927-300x211.jpg 300w, https:\/\/www.campingenfola.com\/wp-content\/uploads\/2026\/02\/pesca-tonno-enfola-1927-768x540.jpg 768w, https:\/\/www.campingenfola.com\/wp-content\/uploads\/2026\/02\/pesca-tonno-enfola-1927-1536x1081.jpg 1536w, https:\/\/www.campingenfola.com\/wp-content\/uploads\/2026\/02\/pesca-tonno-enfola-1927-600x422.jpg 600w, https:\/\/www.campingenfola.com\/wp-content\/uploads\/2026\/02\/pesca-tonno-enfola-1927.jpg 1819w\" sizes=\"(max-width: 800px) 100vw, 800px\" \/><\/a>\n\t\t\t<\/dt><\/dl><br style=\"clear: both\" \/>\n\t\t<\/div>\n\t\t<\/div>\n\t\t\t\t\t\t<\/div>\n\t\t\t\t\t<\/div>\n\t\t\t\t<\/div>\n\t\t\t\t<section class=\"elementor-section elementor-top-section elementor-element elementor-element-5a60647 elementor-section-boxed elementor-section-height-default elementor-section-height-default\" data-id=\"5a60647\" data-element_type=\"section\">\n\t\t\t\t\t\t\t<div class=\"elementor-background-overlay\"><\/div>\n\t\t\t\t\t\t\t<div class=\"elementor-container elementor-column-gap-no\">\n\t\t\t\t\t<div class=\"elementor-column elementor-col-100 elementor-top-column elementor-element elementor-element-5951391\" data-id=\"5951391\" data-element_type=\"column\">\n\t\t\t<div class=\"elementor-widget-wrap elementor-element-populated\">\n\t\t\t\t\t\t<section class=\"elementor-section elementor-inner-section elementor-element elementor-element-b1ed8b8 elementor-section-full_width elementor-section-height-default elementor-section-height-default\" data-id=\"b1ed8b8\" data-element_type=\"section\">\n\t\t\t\t\t\t\t<div class=\"elementor-background-overlay\"><\/div>\n\t\t\t\t\t\t\t<div class=\"elementor-container elementor-column-gap-no\">\n\t\t\t\t\t<div class=\"elementor-column elementor-col-50 elementor-inner-column elementor-element elementor-element-b1fb1a3\" data-id=\"b1fb1a3\" data-element_type=\"column\">\n\t\t\t<div class=\"elementor-widget-wrap\">\n\t\t\t\t\t\t\t<\/div>\n\t\t<\/div>\n\t\t\t\t<div class=\"elementor-column elementor-col-50 elementor-inner-column elementor-element elementor-element-9c9fbab\" data-id=\"9c9fbab\" data-element_type=\"column\" data-settings=\"{&quot;background_background&quot;:&quot;classic&quot;}\">\n\t\t\t<div class=\"elementor-widget-wrap elementor-element-populated\">\n\t\t\t\t\t\t<div class=\"elementor-element elementor-element-3d29aa0 elementor-widget elementor-widget-vedhak_elementor_heading\" data-id=\"3d29aa0\" data-element_type=\"widget\" data-widget_type=\"vedhak_elementor_heading.default\">\n\t\t\t\t<div class=\"elementor-widget-container\">\n\t\t\t\t\t\t\t\t<div class=\"ova-heading template1\">\n\n\t\t\t\t\n\t\t\t\t\t<h2 class=\"sub-title\">\n\n\t\t\t\t\t\t \n\t\t\t\t\t\t\n\t\t\t\t\t\t\n\t\t\t\t\t<\/h2>\n\n\t\t\t\t\n\t\t\t\t\n\t\t\t\t\t\n\t\t\t\t\t\t<h3 class=\"title\"><span class=\"title-bold\">Die Natur umgibt\n<\/span><span class=\"title-normal\">jeden Moment des Aufenthalts<\/span><\/h3>\n\n\t\t\t\t\t\n\n\t\t\t\t\t\t\t\t\t\n\t\t\t\t\n\t\t\t\t\n\t\t\t\t\t\n\t\t\t\t\n\t\t\t<\/div>\n\n\t\t\t\t\t\t<\/div>\n\t\t\t\t<\/div>\n\t\t\t\t<div class=\"elementor-element elementor-element-9e17f74 elementor-widget elementor-widget-vedhak_elementor_icon_box\" data-id=\"9e17f74\" data-element_type=\"widget\" data-widget_type=\"vedhak_elementor_icon_box.default\">\n\t\t\t\t<div class=\"elementor-widget-container\">\n\t\t\t\t\t\n\t\t<div class=\"ova-icon-box template4\"> \n\n\t\t\t\t\t\t\t<a class=\"iconbox\" href=\"#\" >\n\t\t\t\t\n\n\t\t\t\t\t\t\t\t\n\t\t\t\t<div class=\"content\">\n\t\t\t\t\t\n\t                \t\t\t\t\t\t<p class=\"description\">\n\t\t\t\t\t\t\tUmgeben von mediterraner Vegetation und innerhalb des Nationalparks Toskanischer Archipel gelegen, ist Camping Enfola f\u00fcr Menschen gedacht, die das Leben im Freien lieben: Schwimmen im klaren Wasser, Meeresb\u00f6den ideal zum Schnorcheln und Tauchen, Ausfl\u00fcge zu Fu\u00df oder mit dem Mountainbike sowie ruhige Tage zwischen Sonne und Stille. Ein Ort, an dem der Rhythmus der Natur dazu einl\u00e4dt, Spannungen loszulassen und tiefe Erholung zu finden, begleitet vom Meer und der Ruhe der Landschaft.\t\t\t\t\t\t<\/p>\n\t\t\t\t\t\t\t\t\t<\/div>\n\t\t\t\t\n\t\t\t\t\t\t\t\t\t<div class=\"line-decoration\"><\/div>\n\t\t\t\t\n\t\t\t\t\n\n\t\t\t\t\t\t\t<\/a> \n\t\t\t\t\n\n\t\t<\/div>\n\n\t\t\t\t\t\t<\/div>\n\t\t\t\t<\/div>\n\t\t\t\t\t<\/div>\n\t\t<\/div>\n\t\t\t\t\t<\/div>\n\t\t<\/section>\n\t\t\t\t\t<\/div>\n\t\t<\/div>\n\t\t\t\t\t<\/div>\n\t\t<\/section>\n\t\t\t\t<\/div>\n\t\t","protected":false},"excerpt":{"rendered":"<p>\u00dcber uns Camping Enfola Camping Enfola entstand im Jahr 1967, als einige Terrassen eines alten, zum Meer hin ausgerichteten Weinbergs in Stellpl\u00e4tze direkt \u00fcber dem Wasser verwandelt wurden. Diese Terrassen sind noch heute das Herz des Campingplatzes, ein besonderer Ort, von dem aus man das klare Wasser und spektakul\u00e4re Sonnenunterg\u00e4nge \u00fcber der Insel Elba bewundern [&hellip;]<\/p>\n","protected":false},"author":2,"featured_media":0,"parent":0,"menu_order":0,"comment_status":"closed","ping_status":"closed","template":"elementor_header_footer","meta":{"footnotes":""},"class_list":["post-6419","page","type-page","status-publish","hentry"],"_links":{"self":[{"href":"https:\/\/www.campingenfola.com\/de\/wp-json\/wp\/v2\/pages\/6419","targetHints":{"allow":["GET"]}}],"collection":[{"href":"https:\/\/www.campingenfola.com\/de\/wp-json\/wp\/v2\/pages"}],"about":[{"href":"https:\/\/www.campingenfola.com\/de\/wp-json\/wp\/v2\/types\/page"}],"author":[{"embeddable":true,"href":"https:\/\/www.campingenfola.com\/de\/wp-json\/wp\/v2\/users\/2"}],"replies":[{"embeddable":true,"href":"https:\/\/www.campingenfola.com\/de\/wp-json\/wp\/v2\/comments?post=6419"}],"version-history":[{"count":5,"href":"https:\/\/www.campingenfola.com\/de\/wp-json\/wp\/v2\/pages\/6419\/revisions"}],"predecessor-version":[{"id":7446,"href":"https:\/\/www.campingenfola.com\/de\/wp-json\/wp\/v2\/pages\/6419\/revisions\/7446"}],"wp:attachment":[{"href":"https:\/\/www.campingenfola.com\/de\/wp-json\/wp\/v2\/media?parent=6419"}],"curies":[{"name":"wp","href":"https:\/\/api.w.org\/{rel}","templated":true}]}}