{"id":6402,"date":"2026-02-23T09:23:04","date_gmt":"2026-02-23T08:23:04","guid":{"rendered":"http:\/\/campingenfola.youelba.com\/camping-e-alloggi\/"},"modified":"2026-03-13T09:30:05","modified_gmt":"2026-03-13T08:30:05","slug":"camping-und-unterkunfte","status":"publish","type":"page","link":"https:\/\/www.campingenfola.com\/de\/camping-und-unterkunfte\/","title":{"rendered":"Camping und Unterk\u00fcnfte"},"content":{"rendered":"\t\t<div data-elementor-type=\"wp-page\" data-elementor-id=\"6402\" class=\"elementor elementor-6402 elementor-5695\">\n\t\t\t\t\t\t<section class=\"elementor-section elementor-top-section elementor-element elementor-element-13805ba elementor-section-boxed elementor-section-height-default elementor-section-height-default\" data-id=\"13805ba\" data-element_type=\"section\">\n\t\t\t\t\t\t<div class=\"elementor-container elementor-column-gap-default\">\n\t\t\t\t\t<div class=\"elementor-column elementor-col-100 elementor-top-column elementor-element elementor-element-83b243f\" data-id=\"83b243f\" data-element_type=\"column\">\n\t\t\t<div class=\"elementor-widget-wrap elementor-element-populated\">\n\t\t\t\t\t\t<div class=\"elementor-element elementor-element-583bfe4 elementor-invisible elementor-widget elementor-widget-vedhak_elementor_heading\" data-id=\"583bfe4\" data-element_type=\"widget\" data-settings=\"{&quot;_animation&quot;:&quot;fadeIn&quot;}\" data-widget_type=\"vedhak_elementor_heading.default\">\n\t\t\t\t<div class=\"elementor-widget-container\">\n\t\t\t\t\t\t\t\t<div class=\"ova-heading template1\">\n\n\t\t\t\t\n\t\t\t\t\t<h2 class=\"sub-title\">\n\n\t\t\t\t\t\t \n\t\t\t\t\t\t\t\t\t\t\t\t\t<span class=\"line-decoration\"><\/span>\n\t\t\t\t\t\t\n\t\t\t\t\t\tCamping und Unterk\u00fcnfte\n\t\t\t\t\t<\/h2>\n\n\t\t\t\t\n\t\t\t\t\n\t\t\t\t\t\n\t\t\t\t\t\t<h3 class=\"title\"><span class=\"title-bold\">Unser Campingplatz\n<\/span><span class=\"title-normal\">mit Meerblick<\/span><\/h3>\n\n\t\t\t\t\t\n\n\t\t\t\t\t\t\t\t\t\n\t\t\t\t\n\t\t\t\t\n\t\t\t\t\t\n\t\t\t\t\n\t\t\t<\/div>\n\n\t\t\t\t\t\t<\/div>\n\t\t\t\t<\/div>\n\t\t\t\t<div class=\"elementor-element elementor-element-1bc7ce9 elementor-widget elementor-widget-text-editor\" data-id=\"1bc7ce9\" data-element_type=\"widget\" data-widget_type=\"text-editor.default\">\n\t\t\t\t\t\t\t\t\t<p>Die panoramareichen und schattigen Stellpl\u00e4tze, die Bungalows mit Meerblick und der direkte Zugang zum Strand bieten eine einfache und authentische Urlaubsidee, ohne auf wichtige Services zu verzichten. Die Atmosph\u00e4re ist famili\u00e4r und ruhig und richtet sich an alle, die Enfola w\u00e4hlen, um Ausgleich und Einfachheit wiederzufinden.<\/p>\t\t\t\t\t\t\t\t<\/div>\n\t\t<div class=\"elementor-element elementor-element-f7e31b8 e-con-full e-flex e-con e-parent\" data-id=\"f7e31b8\" data-element_type=\"container\">\n\t\t<div class=\"elementor-element elementor-element-883b4c0 e-con-full e-flex e-con e-child\" data-id=\"883b4c0\" data-element_type=\"container\">\n\t\t\t\t<div class=\"elementor-element elementor-element-78aecfd elementor-invisible elementor-widget elementor-widget-vedhak_elementor_image_box\" data-id=\"78aecfd\" data-element_type=\"widget\" data-settings=\"{&quot;_animation&quot;:&quot;fadeIn&quot;}\" data-widget_type=\"vedhak_elementor_image_box.default\">\n\t\t\t\t<div class=\"elementor-widget-container\">\n\t\t\t\t\t\n\t\t\t\t\t<a href=\"\/de\/camping-und-unterkunfte\/camping\/\" target=\"_self\" rel=\"\">\n\t\t\n\t\t\t<div class=\"ova-image-box\">\n\n\t\t\t\t<div class=\"title-price\">\n\n\t\t\t\t\t\t\t\t\t\t\t<h3 class=\"title\">Stellpl\u00e4tze<\/h3>\n\t\t\t\t\t\n\t\t\t\t\t\n\t\t\t\t<\/div>\n\n\t\t\t\t\t\t\t\t\t<img decoding=\"async\" class=\"img\" src=\"https:\/\/www.campingenfola.com\/wp-content\/uploads\/2026\/01\/0054_c-enfola2019.jpg\" alt=\"Stellpl\u00e4tze\">\n\t\t\t\t\t \n\n\t\t\t<\/div>\n\n\t\t\t\t\t\t\t<\/a>\n\t\t\t\n\t\t\t\t\t\t<\/div>\n\t\t\t\t<\/div>\n\t\t\t\t<\/div>\n\t\t<div class=\"elementor-element elementor-element-ea2b5fe e-con-full e-flex e-con e-child\" data-id=\"ea2b5fe\" data-element_type=\"container\">\n\t\t\t\t<div class=\"elementor-element elementor-element-d25fb0b elementor-invisible elementor-widget elementor-widget-vedhak_elementor_image_box\" data-id=\"d25fb0b\" data-element_type=\"widget\" data-settings=\"{&quot;_animation&quot;:&quot;fadeIn&quot;}\" data-widget_type=\"vedhak_elementor_image_box.default\">\n\t\t\t\t<div class=\"elementor-widget-container\">\n\t\t\t\t\t\n\t\t\t\t\t<a href=\"\/de\/camping-und-unterkunfte\/chalets\/\" target=\"_self\" rel=\"\">\n\t\t\n\t\t\t<div class=\"ova-image-box\">\n\n\t\t\t\t<div class=\"title-price\">\n\n\t\t\t\t\t\t\t\t\t\t\t<h3 class=\"title\">Chalets<\/h3>\n\t\t\t\t\t\n\t\t\t\t\t\n\t\t\t\t<\/div>\n\n\t\t\t\t\t\t\t\t\t<img decoding=\"async\" class=\"img\" src=\"https:\/\/www.campingenfola.com\/wp-content\/uploads\/2026\/01\/0001_c-enfola.jpg\" alt=\"Chalets\">\n\t\t\t\t\t \n\n\t\t\t<\/div>\n\n\t\t\t\t\t\t\t<\/a>\n\t\t\t\n\t\t\t\t\t\t<\/div>\n\t\t\t\t<\/div>\n\t\t\t\t<\/div>\n\t\t<div class=\"elementor-element elementor-element-f4ce022 e-con-full e-flex e-con e-child\" data-id=\"f4ce022\" data-element_type=\"container\">\n\t\t\t\t<div class=\"elementor-element elementor-element-37ac922 elementor-invisible elementor-widget elementor-widget-vedhak_elementor_image_box\" data-id=\"37ac922\" data-element_type=\"widget\" data-settings=\"{&quot;_animation&quot;:&quot;fadeIn&quot;}\" data-widget_type=\"vedhak_elementor_image_box.default\">\n\t\t\t\t<div class=\"elementor-widget-container\">\n\t\t\t\t\t\n\t\t\t\t\t<a href=\"\/de\/camping-und-unterkunfte\/bungalows\/\" target=\"_self\" rel=\"\">\n\t\t\n\t\t\t<div class=\"ova-image-box\">\n\n\t\t\t\t<div class=\"title-price\">\n\n\t\t\t\t\t\t\t\t\t\t\t<h3 class=\"title\">Bungalows<\/h3>\n\t\t\t\t\t\n\t\t\t\t\t\n\t\t\t\t<\/div>\n\n\t\t\t\t\t\t\t\t\t<img decoding=\"async\" class=\"img\" src=\"https:\/\/www.campingenfola.com\/wp-content\/uploads\/2026\/02\/c-enfola_BUNGALOW-A-mod.jpg\" alt=\"Bungalows\">\n\t\t\t\t\t \n\n\t\t\t<\/div>\n\n\t\t\t\t\t\t\t<\/a>\n\t\t\t\n\t\t\t\t\t\t<\/div>\n\t\t\t\t<\/div>\n\t\t\t\t<\/div>\n\t\t\t\t<\/div>\n\t\t\t\t\t<\/div>\n\t\t<\/div>\n\t\t\t\t\t<\/div>\n\t\t<\/section>\n\t\t<div class=\"elementor-element elementor-element-ba882e8 e-flex e-con-boxed e-con e-parent\" data-id=\"ba882e8\" data-element_type=\"container\" id=\"schlaf\">\n\t\t\t\t\t<div class=\"e-con-inner\">\n\t\t\t\t<div class=\"elementor-element elementor-element-cad2375 elementor-invisible elementor-widget elementor-widget-vedhak_elementor_heading\" data-id=\"cad2375\" data-element_type=\"widget\" data-settings=\"{&quot;_animation&quot;:&quot;fadeIn&quot;}\" data-widget_type=\"vedhak_elementor_heading.default\">\n\t\t\t\t<div class=\"elementor-widget-container\">\n\t\t\t\t\t\t\t\t<div class=\"ova-heading template1\">\n\n\t\t\t\t\n\t\t\t\t\t<h2 class=\"sub-title\">\n\n\t\t\t\t\t\t \n\t\t\t\t\t\t\t\t\t\t\t\t\t<span class=\"line-decoration\"><\/span>\n\t\t\t\t\t\t\n\t\t\t\t\t\tGut schlafen in Enfola\n\t\t\t\t\t<\/h2>\n\n\t\t\t\t\n\t\t\t\t\n\t\t\t\t\t\n\t\t\t\t\t\t<h3 class=\"title\"><span class=\"title-bold\">Schlaf und Wohlbefinden<\/span><span class=\"title-normal\"><\/span><\/h3>\n\n\t\t\t\t\t\n\n\t\t\t\t\t\t\t\t\t\n\t\t\t\t\n\t\t\t\t\n\t\t\t\t\t\n\t\t\t\t\n\t\t\t<\/div>\n\n\t\t\t\t\t\t<\/div>\n\t\t\t\t<\/div>\n\t\t\t\t<div class=\"elementor-element elementor-element-45f30d6 elementor-widget elementor-widget-text-editor\" data-id=\"45f30d6\" data-element_type=\"widget\" data-widget_type=\"text-editor.default\">\n\t\t\t\t\t\t\t\t\t<p>In Enfola k\u00f6nnen K\u00f6rper und Geist neue Energie tanken. Die Stille der Bucht, das Fehlen von Verkehr und der nat\u00fcrliche Rhythmus der Tage f\u00f6rdern einen tiefen und erholsamen Schlaf. Hier ist Ruhe kein Detail des Urlaubs, sondern ein wesentlicher Teil des Erlebnisses.<\/p>\t\t\t\t\t\t\t\t<\/div>\n\t\t\t\t\t<\/div>\n\t\t\t\t<\/div>\n\t\t<div class=\"elementor-element elementor-element-7344014 e-flex e-con-boxed e-con e-parent\" data-id=\"7344014\" data-element_type=\"container\">\n\t\t\t\t\t<div class=\"e-con-inner\">\n\t\t<div class=\"elementor-element elementor-element-44bd0f8 e-con-full e-flex e-con e-child\" data-id=\"44bd0f8\" data-element_type=\"container\" data-settings=\"{&quot;background_background&quot;:&quot;classic&quot;}\">\n\t\t\t\t<div class=\"elementor-element elementor-element-dab7242 elementor-position-inline-start elementor-view-default elementor-mobile-position-block-start elementor-widget elementor-widget-icon-box\" data-id=\"dab7242\" data-element_type=\"widget\" data-widget_type=\"icon-box.default\">\n\t\t\t\t\t\t\t<div class=\"elementor-icon-box-wrapper\">\n\n\t\t\t\t\t\t<div class=\"elementor-icon-box-icon\">\n\t\t\t\t<span  class=\"elementor-icon\">\n\t\t\t\t<i aria-hidden=\"true\" class=\"flaticon flaticon-021-cottage-1\"><\/i>\t\t\t\t<\/span>\n\t\t\t<\/div>\n\t\t\t\n\t\t\t\t\t\t<div class=\"elementor-icon-box-content\">\n\n\t\t\t\t\t\t\t\t\t<h4 class=\"elementor-icon-box-title\">\n\t\t\t\t\t\t<span  >\n\t\t\t\t\t\t\tStille als Wert\t\t\t\t\t\t<\/span>\n\t\t\t\t\t<\/h4>\n\t\t\t\t\n\t\t\t\t\t\t\t\t\t<p class=\"elementor-icon-box-description\">\n\t\t\t\t\t\tNach 23 Uhr wird der Campingplatz ruhig. Die Nacht wird wieder zur Nacht, begleitet von den leichten Ger\u00e4uschen des Meeres und des Windes.<br \/>\nEine freundliche Einladung zu gegenseitigem Respekt, denn die Ruhe jedes Einzelnen ist Teil des Wohlbefindens aller.\t\t\t\t\t<\/p>\n\t\t\t\t\n\t\t\t<\/div>\n\t\t\t\n\t\t<\/div>\n\t\t\t\t\t\t<\/div>\n\t\t\t\t<div class=\"elementor-element elementor-element-0a76a44 elementor-position-inline-start elementor-view-default elementor-mobile-position-block-start elementor-widget elementor-widget-icon-box\" data-id=\"0a76a44\" data-element_type=\"widget\" data-widget_type=\"icon-box.default\">\n\t\t\t\t\t\t\t<div class=\"elementor-icon-box-wrapper\">\n\n\t\t\t\t\t\t<div class=\"elementor-icon-box-icon\">\n\t\t\t\t<span  class=\"elementor-icon\">\n\t\t\t\t<i aria-hidden=\"true\" class=\"flaticon flaticon-022-tent-6\"><\/i>\t\t\t\t<\/span>\n\t\t\t<\/div>\n\t\t\t\n\t\t\t\t\t\t<div class=\"elementor-icon-box-content\">\n\n\t\t\t\t\t\t\t\t\t<h4 class=\"elementor-icon-box-title\">\n\t\t\t\t\t\t<span  >\n\t\t\t\t\t\t\tR\u00e4ume f\u00fcr guten Schlaf\t\t\t\t\t\t<\/span>\n\t\t\t\t\t<\/h4>\n\t\t\t\t\n\t\t\t\t\t\t\t\t\t<p class=\"elementor-icon-box-description\">\n\t\t\t\t\t\tIn den Bungalows und Chalets ist jedes Detail bewusst gew\u00e4hlt: kein Fernseher, warmes und sanftes Licht, Verdunkelungsvorh\u00e4nge und einfache Materialien.<br \/>\nDenn ohne Bildschirme und ohne L\u00e4rm einzuschlafen ist ein kleiner moderner Luxus.\t\t\t\t\t<\/p>\n\t\t\t\t\n\t\t\t<\/div>\n\t\t\t\n\t\t<\/div>\n\t\t\t\t\t\t<\/div>\n\t\t\t\t<\/div>\n\t\t\t\t\t<\/div>\n\t\t\t\t<\/div>\n\t\t<div class=\"elementor-element elementor-element-372b674 e-con-full e-flex e-con e-parent\" data-id=\"372b674\" data-element_type=\"container\">\n\t\t\t\t<div class=\"elementor-element elementor-element-5ff3a37 gallery-spacing-custom elementor-widget elementor-widget-image-gallery\" data-id=\"5ff3a37\" data-element_type=\"widget\" data-widget_type=\"image-gallery.default\">\n\t\t\t\t\t\t\t<div class=\"elementor-image-gallery\">\n\t\t\t\n\t\t<style type=\"text\/css\">\n\t\t\t#gallery-1 {\n\t\t\t\tmargin: auto;\n\t\t\t}\n\t\t\t#gallery-1 .gallery-item {\n\t\t\t\tfloat: left;\n\t\t\t\tmargin-top: 10px;\n\t\t\t\ttext-align: center;\n\t\t\t\twidth: 50%;\n\t\t\t}\n\t\t\t#gallery-1 img {\n\t\t\t\tborder: 2px solid #cfcfcf;\n\t\t\t}\n\t\t\t#gallery-1 .gallery-caption {\n\t\t\t\tmargin-left: 0;\n\t\t\t}\n\t\t\t\/* see gallery_shortcode() in wp-includes\/media.php *\/\n\t\t<\/style>\n\t\t<div id='gallery-1' class='gallery galleryid-6402 gallery-columns-2 gallery-size-full'><dl class='gallery-item'>\n\t\t\t<dt class='gallery-icon landscape'>\n\t\t\t\t<a data-elementor-open-lightbox=\"yes\" data-elementor-lightbox-slideshow=\"5ff3a37\" data-elementor-lightbox-title=\"Camping Enfola\" data-e-action-hash=\"#elementor-action%3Aaction%3Dlightbox%26settings%3DeyJpZCI6Njg3NCwidXJsIjoiaHR0cHM6XC9cL3d3dy5jYW1waW5nZW5mb2xhLmNvbVwvd3AtY29udGVudFwvdXBsb2Fkc1wvMjAyNlwvMDJcL2VuZm9sYS1hbGJhLWdhYmJpYW5pLmpwZyIsInNsaWRlc2hvdyI6IjVmZjNhMzcifQ%3D%3D\" href='https:\/\/www.campingenfola.com\/wp-content\/uploads\/2026\/02\/enfola-alba-gabbiani.jpg'><img fetchpriority=\"high\" decoding=\"async\" width=\"1536\" height=\"1024\" src=\"https:\/\/www.campingenfola.com\/wp-content\/uploads\/2026\/02\/enfola-alba-gabbiani.jpg\" class=\"attachment-full size-full\" alt=\"Gabbiani in volo e sugli scogli all\u2019alba sul mare di Enfola, luce dorata sull\u2019acqua\" srcset=\"https:\/\/www.campingenfola.com\/wp-content\/uploads\/2026\/02\/enfola-alba-gabbiani.jpg 1536w, https:\/\/www.campingenfola.com\/wp-content\/uploads\/2026\/02\/enfola-alba-gabbiani-300x200.jpg 300w, https:\/\/www.campingenfola.com\/wp-content\/uploads\/2026\/02\/enfola-alba-gabbiani-1024x683.jpg 1024w, https:\/\/www.campingenfola.com\/wp-content\/uploads\/2026\/02\/enfola-alba-gabbiani-768x512.jpg 768w, https:\/\/www.campingenfola.com\/wp-content\/uploads\/2026\/02\/enfola-alba-gabbiani-600x400.jpg 600w\" sizes=\"(max-width: 1536px) 100vw, 1536px\" \/><\/a>\n\t\t\t<\/dt><\/dl><dl class='gallery-item'>\n\t\t\t<dt class='gallery-icon landscape'>\n\t\t\t\t<a data-elementor-open-lightbox=\"yes\" data-elementor-lightbox-slideshow=\"5ff3a37\" data-elementor-lightbox-title=\"Tramonto baia dell&#039;Enfola\" data-e-action-hash=\"#elementor-action%3Aaction%3Dlightbox%26settings%3DeyJpZCI6Njg3NSwidXJsIjoiaHR0cHM6XC9cL3d3dy5jYW1waW5nZW5mb2xhLmNvbVwvd3AtY29udGVudFwvdXBsb2Fkc1wvMjAyNlwvMDJcL2MtZW5mb2xhXzIwMjUwOTE5XzE5MzMxOS5qcGciLCJzbGlkZXNob3ciOiI1ZmYzYTM3In0%3D\" href='https:\/\/www.campingenfola.com\/wp-content\/uploads\/2026\/02\/c-enfola_20250919_193319.jpg'><img decoding=\"async\" width=\"1920\" height=\"1280\" src=\"https:\/\/www.campingenfola.com\/wp-content\/uploads\/2026\/02\/c-enfola_20250919_193319.jpg\" class=\"attachment-full size-full\" alt=\"Tramonto infuocato sulla baia dell&#039;Enfola con kayak in controluce e profilo delle colline\" srcset=\"https:\/\/www.campingenfola.com\/wp-content\/uploads\/2026\/02\/c-enfola_20250919_193319.jpg 1920w, https:\/\/www.campingenfola.com\/wp-content\/uploads\/2026\/02\/c-enfola_20250919_193319-300x200.jpg 300w, https:\/\/www.campingenfola.com\/wp-content\/uploads\/2026\/02\/c-enfola_20250919_193319-1024x683.jpg 1024w, https:\/\/www.campingenfola.com\/wp-content\/uploads\/2026\/02\/c-enfola_20250919_193319-768x512.jpg 768w, https:\/\/www.campingenfola.com\/wp-content\/uploads\/2026\/02\/c-enfola_20250919_193319-1536x1024.jpg 1536w, https:\/\/www.campingenfola.com\/wp-content\/uploads\/2026\/02\/c-enfola_20250919_193319-600x400.jpg 600w\" sizes=\"(max-width: 1920px) 100vw, 1920px\" \/><\/a>\n\t\t\t<\/dt><\/dl><br style=\"clear: both\" \/><dl class='gallery-item'>\n\t\t\t<dt class='gallery-icon landscape'>\n\t\t\t\t<a data-elementor-open-lightbox=\"yes\" data-elementor-lightbox-slideshow=\"5ff3a37\" data-elementor-lightbox-title=\"Camping Enfola\" data-e-action-hash=\"#elementor-action%3Aaction%3Dlightbox%26settings%3DeyJpZCI6Njg3NiwidXJsIjoiaHR0cHM6XC9cL3d3dy5jYW1waW5nZW5mb2xhLmNvbVwvd3AtY29udGVudFwvdXBsb2Fkc1wvMjAyNlwvMDJcL2NlbmEtdHJhbW9udG8tcGlhenpvbGEtMTIuanBnIiwic2xpZGVzaG93IjoiNWZmM2EzNyJ9\" href='https:\/\/www.campingenfola.com\/wp-content\/uploads\/2026\/02\/cena-tramonto-piazzola-12.jpg'><img decoding=\"async\" width=\"1920\" height=\"1280\" src=\"https:\/\/www.campingenfola.com\/wp-content\/uploads\/2026\/02\/cena-tramonto-piazzola-12.jpg\" class=\"attachment-full size-full\" alt=\"Vista serale dalla piazzola con terrazza affacciata sulla baia illuminata e barche ancorate\" srcset=\"https:\/\/www.campingenfola.com\/wp-content\/uploads\/2026\/02\/cena-tramonto-piazzola-12.jpg 1920w, https:\/\/www.campingenfola.com\/wp-content\/uploads\/2026\/02\/cena-tramonto-piazzola-12-300x200.jpg 300w, https:\/\/www.campingenfola.com\/wp-content\/uploads\/2026\/02\/cena-tramonto-piazzola-12-1024x683.jpg 1024w, https:\/\/www.campingenfola.com\/wp-content\/uploads\/2026\/02\/cena-tramonto-piazzola-12-768x512.jpg 768w, https:\/\/www.campingenfola.com\/wp-content\/uploads\/2026\/02\/cena-tramonto-piazzola-12-1536x1024.jpg 1536w, https:\/\/www.campingenfola.com\/wp-content\/uploads\/2026\/02\/cena-tramonto-piazzola-12-600x400.jpg 600w\" sizes=\"(max-width: 1920px) 100vw, 1920px\" \/><\/a>\n\t\t\t<\/dt><\/dl><dl class='gallery-item'>\n\t\t\t<dt class='gallery-icon landscape'>\n\t\t\t\t<a data-elementor-open-lightbox=\"yes\" data-elementor-lightbox-slideshow=\"5ff3a37\" data-elementor-lightbox-title=\"c-enfola-notturno_gualdi\" data-e-action-hash=\"#elementor-action%3Aaction%3Dlightbox%26settings%3DeyJpZCI6ODM4OCwidXJsIjoiaHR0cHM6XC9cL3d3dy5jYW1waW5nZW5mb2xhLmNvbVwvd3AtY29udGVudFwvdXBsb2Fkc1wvMjAyNlwvMDNcL2MtZW5mb2xhLW5vdHR1cm5vX2d1YWxkaS5qcGciLCJzbGlkZXNob3ciOiI1ZmYzYTM3In0%3D\" href='https:\/\/www.campingenfola.com\/wp-content\/uploads\/2026\/03\/c-enfola-notturno_gualdi.jpg'><img loading=\"lazy\" decoding=\"async\" width=\"1920\" height=\"1280\" src=\"https:\/\/www.campingenfola.com\/wp-content\/uploads\/2026\/03\/c-enfola-notturno_gualdi.jpg\" class=\"attachment-full size-full\" alt=\"\" srcset=\"https:\/\/www.campingenfola.com\/wp-content\/uploads\/2026\/03\/c-enfola-notturno_gualdi.jpg 1920w, https:\/\/www.campingenfola.com\/wp-content\/uploads\/2026\/03\/c-enfola-notturno_gualdi-300x200.jpg 300w, https:\/\/www.campingenfola.com\/wp-content\/uploads\/2026\/03\/c-enfola-notturno_gualdi-1024x683.jpg 1024w, https:\/\/www.campingenfola.com\/wp-content\/uploads\/2026\/03\/c-enfola-notturno_gualdi-768x512.jpg 768w, https:\/\/www.campingenfola.com\/wp-content\/uploads\/2026\/03\/c-enfola-notturno_gualdi-1536x1024.jpg 1536w\" sizes=\"(max-width: 1920px) 100vw, 1920px\" \/><\/a>\n\t\t\t<\/dt><\/dl><br style=\"clear: both\" \/>\n\t\t<\/div>\n\t\t<\/div>\n\t\t\t\t\t\t<\/div>\n\t\t\t\t<\/div>\n\t\t<div class=\"elementor-element elementor-element-383d543 e-flex e-con-boxed e-con e-parent\" data-id=\"383d543\" data-element_type=\"container\">\n\t\t\t\t\t<div class=\"e-con-inner\">\n\t\t<div class=\"elementor-element elementor-element-2a400f7 e-con-full e-flex e-con e-child\" data-id=\"2a400f7\" data-element_type=\"container\" data-settings=\"{&quot;background_background&quot;:&quot;classic&quot;}\">\n\t\t\t\t<div class=\"elementor-element elementor-element-2cea787 elementor-position-inline-start elementor-view-default elementor-mobile-position-block-start elementor-widget elementor-widget-icon-box\" data-id=\"2cea787\" data-element_type=\"widget\" data-widget_type=\"icon-box.default\">\n\t\t\t\t\t\t\t<div class=\"elementor-icon-box-wrapper\">\n\n\t\t\t\t\t\t<div class=\"elementor-icon-box-icon\">\n\t\t\t\t<span  class=\"elementor-icon\">\n\t\t\t\t<i aria-hidden=\"true\" class=\"flaticon flaticon-039-blanket\"><\/i>\t\t\t\t<\/span>\n\t\t\t<\/div>\n\t\t\t\n\t\t\t\t\t\t<div class=\"elementor-icon-box-content\">\n\n\t\t\t\t\t\t\t\t\t<h4 class=\"elementor-icon-box-title\">\n\t\t\t\t\t\t<span  >\n\t\t\t\t\t\t\tAbendrituale\t\t\t\t\t\t<\/span>\n\t\t\t\t\t<\/h4>\n\t\t\t\t\n\t\t\t\t\t\t\t\t\t<p class=\"elementor-icon-box-description\">\n\t\t\t\t\t\tWir glauben an einfache Gesten. Bei Ihrer Ankunft finden Sie ein kleines nat\u00fcrliches Geschenk, das Ihre Ruhe begleitet: eine Einladung, den Tag loszulassen und die Nacht willkommen zu hei\u00dfen.\n<br \/>Wir empfehlen einige kleine Abendrituale:<br \/>\n  \u2022 einen Spaziergang bei Sonnenuntergang am Capo d\u2019Enfola, wenn das Meer seine Farbe ver\u00e4ndert;<br \/>\n\u2022 fr\u00fch zu Abend essen;<br \/>\n\u2022 Bildschirme etwas fr\u00fcher ausschalten und Raum f\u00fcr einen nat\u00fcrlichen \u201edigitalen Sonnenuntergang\u201c lassen;<br \/>\n\u2022 einen warmen Kr\u00e4utertee langsam genie\u00dfen, vielleicht vor dem eigenen Zelt oder Wohnmobil;<br \/>\n\u2022 den zarten Duft einer nat\u00fcrlichen Essenz neben das Kopfkissen legen.<br \/>\nEs sind kleine Gesten, doch sie k\u00f6nnen die Qualit\u00e4t des Schlafs ver\u00e4ndern.<br \/><br \/>\nAm Morgen wird das Aufwachen von den Kl\u00e4ngen der Insel begleitet: dem Meer, dem leichten Wind und den Rufen der M\u00f6wen.\t\t\t\t\t<\/p>\n\t\t\t\t\n\t\t\t<\/div>\n\t\t\t\n\t\t<\/div>\n\t\t\t\t\t\t<\/div>\n\t\t\t\t<div class=\"elementor-element elementor-element-073405f elementor-position-inline-start elementor-view-default elementor-mobile-position-block-start elementor-widget elementor-widget-icon-box\" data-id=\"073405f\" data-element_type=\"widget\" data-widget_type=\"icon-box.default\">\n\t\t\t\t\t\t\t<div class=\"elementor-icon-box-wrapper\">\n\n\t\t\t\t\t\t<div class=\"elementor-icon-box-icon\">\n\t\t\t\t<span  class=\"elementor-icon\">\n\t\t\t\t<i aria-hidden=\"true\" class=\"flaticon flaticon-042-guitar\"><\/i>\t\t\t\t<\/span>\n\t\t\t<\/div>\n\t\t\t\n\t\t\t\t\t\t<div class=\"elementor-icon-box-content\">\n\n\t\t\t\t\t\t\t\t\t<h4 class=\"elementor-icon-box-title\">\n\t\t\t\t\t\t<span  >\n\t\t\t\t\t\t\tDer Rhythmus des Sommers\t\t\t\t\t\t<\/span>\n\t\t\t\t\t<\/h4>\n\t\t\t\t\n\t\t\t\t\t\t\t\t\t<p class=\"elementor-icon-box-description\">\n\t\t\t\t\t\tIm Sommer belebt sich die Bucht auch mit einigen besonderen Abenden: ein Open-Air-Kino oder ein festlicher Moment, immer gelegentlich und nie \u00fcber Mitternacht hinaus. Den Rest der Zeit steht die Stille wieder im Mittelpunkt.\t\t\t\t\t<\/p>\n\t\t\t\t\n\t\t\t<\/div>\n\t\t\t\n\t\t<\/div>\n\t\t\t\t\t\t<\/div>\n\t\t\t\t<\/div>\n\t\t\t\t\t<\/div>\n\t\t\t\t<\/div>\n\t\t\t\t<\/div>\n\t\t","protected":false},"excerpt":{"rendered":"<p>Camping und Unterk\u00fcnfte Unser Campingplatz mit Meerblick Die panoramareichen und schattigen Stellpl\u00e4tze, die Bungalows mit Meerblick und der direkte Zugang zum Strand bieten eine einfache und authentische Urlaubsidee, ohne auf wichtige Services zu verzichten. Die Atmosph\u00e4re ist famili\u00e4r und ruhig und richtet sich an alle, die Enfola w\u00e4hlen, um Ausgleich und Einfachheit wiederzufinden. Stellpl\u00e4tze Chalets [&hellip;]<\/p>\n","protected":false},"author":2,"featured_media":0,"parent":0,"menu_order":0,"comment_status":"closed","ping_status":"closed","template":"elementor_header_footer","meta":{"footnotes":""},"class_list":["post-6402","page","type-page","status-publish","hentry"],"_links":{"self":[{"href":"https:\/\/www.campingenfola.com\/de\/wp-json\/wp\/v2\/pages\/6402","targetHints":{"allow":["GET"]}}],"collection":[{"href":"https:\/\/www.campingenfola.com\/de\/wp-json\/wp\/v2\/pages"}],"about":[{"href":"https:\/\/www.campingenfola.com\/de\/wp-json\/wp\/v2\/types\/page"}],"author":[{"embeddable":true,"href":"https:\/\/www.campingenfola.com\/de\/wp-json\/wp\/v2\/users\/2"}],"replies":[{"embeddable":true,"href":"https:\/\/www.campingenfola.com\/de\/wp-json\/wp\/v2\/comments?post=6402"}],"version-history":[{"count":5,"href":"https:\/\/www.campingenfola.com\/de\/wp-json\/wp\/v2\/pages\/6402\/revisions"}],"predecessor-version":[{"id":8394,"href":"https:\/\/www.campingenfola.com\/de\/wp-json\/wp\/v2\/pages\/6402\/revisions\/8394"}],"wp:attachment":[{"href":"https:\/\/www.campingenfola.com\/de\/wp-json\/wp\/v2\/media?parent=6402"}],"curies":[{"name":"wp","href":"https:\/\/api.w.org\/{rel}","templated":true}]}}